{"id":31,"date":"2018-03-26T22:16:26","date_gmt":"2018-03-26T22:16:26","guid":{"rendered":"http:\/\/perrobufo.merca.cl\/?page_id=31"},"modified":"2021-09-16T04:46:57","modified_gmt":"2021-09-16T04:46:57","slug":"contacto","status":"publish","type":"page","link":"https:\/\/perrobufo.com\/site\/contacto\/","title":{"rendered":"Contacto"},"content":{"rendered":"<!--themify_builder_content-->\n<div id=\"themify_builder_content-31\" data-postid=\"31\" class=\"themify_builder_content themify_builder_content-31 themify_builder tf_clear\">\n    \t<!-- module_row -->\n\t<div  data-lazy=\"1\" class=\"module_row themify_builder_row repeat tb_ve2m855 tb_first tf_clearfix\" >\n\t    \t\t<div class=\"row_inner col_align_top col-count-1 tf_box tf_w tf_rel\">\n\t\t\t<div  data-lazy=\"1\" class=\"module_column tb-column col-full first tb_wygc858 tf_box\">\n\t\t\t    \t        <div class=\"tb-column-inner tf_box tf_w\">\n\t\t    <!-- module text -->\n<div  class=\"module module-text tb_giie858   \" data-lazy=\"1\">\n        <div  class=\"tb_text_wrap\">\n    <h1>Contacto<\/h1>    <\/div>\n<\/div>\n<!-- \/module text --><!-- module text -->\n<div  class=\"module module-text tb_hhza859   \" data-lazy=\"1\">\n        <div  class=\"tb_text_wrap\">\n    <h1>PERROBUFO<\/h1>\n<h4>Compa\u00f1\u00eda de teatro de animaci\u00f3n<\/h4>\n<p>Habitamos espacios resignificando momentos<\/p>\n<h4>#medicina #teatro #educaci\u00f3n<\/h4>    <\/div>\n<\/div>\n<!-- \/module text --><!-- module buttons -->\n<div  class=\"module module-buttons tb_myls859 buttons-horizontal solid  xlarge rounded\" data-lazy=\"1\">\n    \t<div class=\"module-buttons-item tf_inline_b\">\n\t\t\t\t\t\t\t<a href=\"#contacto\" class=\"ui builder_button black\" >\n\t\t\t\t\t\t\t\t\t\t\t<span class=\"tf_inline_b tf_vmiddle\">Env\u00edanos un mensaje<\/span>\n\t\t\t\t\t\t\t\t\t\t\t<\/a>\n\t\t\t    \t<\/div>\n\t<\/div>\n<!-- \/module buttons -->\n\t        <\/div>\n\t    \t<\/div>\n\t\t    <\/div>\n\t    <!-- \/row_inner -->\n\t<\/div>\n\t<!-- \/module_row -->\n\t\t<!-- module_row -->\n\t<div  data-css_id=\"c3p1856\" data-lazy=\"1\" class=\"module_row themify_builder_row fullwidth tb_c3p1856 tf_clearfix\" >\n\t    \t\t<div class=\"row_inner col_align_top gutter-none col-count-2 tf_box tf_w tf_rel\"  data-basecol=\"2\" data-col_tablet=\"column4-2\" data-col_tablet_landscape=\"column4-2\" data-col_mobile=\"column-full\">\n\t\t\t<div  data-lazy=\"1\" class=\"module_column tb-column col4-2 first tb_ylxd862 fullcover tf_box\">\n\t\t\t    \t<\/div>\n\t\t<div  data-lazy=\"1\" class=\"module_column tb-column col4-2 last tb_0v6j863 tf_box\">\n\t\t\t    \t        <div class=\"tb-column-inner tf_box tf_w\">\n\t\t    \t<div  data-lazy=\"1\" class=\"module_subrow themify_builder_sub_row tb_syou864 tf_w tf_clearfix\">\n\t    \t\t<div class=\"subrow_inner col_align_top gutter-none col-count-2 tf_box tf_w\"  data-basecol=\"2\" data-col_tablet=\"column4-2\" data-col_tablet_landscape=\"column4-2\" data-col_mobile=\"column-full\">\n\t\t\t<div  data-lazy=\"1\" class=\"sub_column module_column tf_box col2-1 first tb_9h2c865 repeat\" > \n\t    \t    \t        <div class=\"tb-column-inner tf_box tf_w\">\n\t\t    <!-- module icon -->\n<div  class=\"module module-icon tb_dtq6868  xlarge none icon_horizontal tf_textc\" data-lazy=\"1\">\n    \t    <div class=\"module-icon-item tf_inline_b\">\n\t\t\t\t\t\t\t\t\t\t\t\t\t\t\t\t\t\t\t\t\t<img class=\"tf_vmiddle tf_box ui transparent\" src=\"https:\/\/perrobufo.com\/site\/wp-content\/uploads\/2021\/08\/elperrobufo_marca_006.png\">\n\t\t\t\t\t\t\t\t\t\t\t\t    <\/div>\n\t<\/div>\n<!-- \/module icon -->\n<!-- module text -->\n<div  class=\"module module-text tb_iz45869   \" data-lazy=\"1\">\n        <div  class=\"tb_text_wrap\">\n    <h4>PERROBUFO<\/h4>    <\/div>\n<\/div>\n<!-- \/module text -->\t        <\/div>\n\t    \t<\/div>\n\t\t<div  data-lazy=\"1\" class=\"sub_column module_column tf_box col2-1 last tb_q5nw869 repeat\" > \n\t    \t    \t        <div class=\"tb-column-inner tf_box tf_w\">\n\t\t    <!-- module icon -->\n<div  class=\"module module-icon tb_nizx869  normal circle icon_horizontal tf_textc\" data-lazy=\"1\">\n    \t    <div class=\"module-icon-item tf_inline_b\">\n\t\t\t\t\t\t\t\t\t\t\t\t\t\t\t\t\t<em class=\"ui tf_vmiddle tf_textc tf_box transparent\"><svg  aria-hidden=\"true\" class=\"tf_fa tf-ti-comment-alt\"><use href=\"#tf-ti-comment-alt\"><\/use><\/svg><\/em>\n\t\t\t\t\t\t\t\t\t\t\t\t\t\t\t\t    <\/div>\n\t<\/div>\n<!-- \/module icon -->\n<!-- module text -->\n<div  class=\"module module-text tb_3mot870   \" data-lazy=\"1\">\n        <div  class=\"tb_text_wrap\">\n    <h4>Whatsapp<\/h4>    <\/div>\n<\/div>\n<!-- \/module text --><!-- module text -->\n<div  class=\"module module-text tb_aci3870   \" data-lazy=\"1\">\n        <div  class=\"tb_text_wrap\">\n    <p>+569 9999 9999<\/p>    <\/div>\n<\/div>\n<!-- \/module text -->\t        <\/div>\n\t    \t<\/div>\n\t\t    <\/div>\n\t<\/div><!-- \/themify_builder_sub_row -->\n\t\t<div  data-lazy=\"1\" class=\"module_subrow themify_builder_sub_row tb_bogz870 tf_w tf_clearfix\">\n\t    \t\t<div class=\"subrow_inner col_align_top gutter-none col-count-2 direction-rtl tf_box tf_w\"  data-desktop_dir=\"rtl\" data-basecol=\"2\" data-col_tablet=\"column4-2\" data-col_tablet_landscape=\"column4-2\">\n\t\t\t<div  data-lazy=\"1\" class=\"sub_column module_column tf_box col2-1 last tb_trlg871 repeat\" > \n\t    \t    \t        <div class=\"tb-column-inner tf_box tf_w\">\n\t\t    <!-- module icon -->\n<div  class=\"module module-icon tb_m9nx871  normal circle icon_horizontal tf_textc\" data-lazy=\"1\">\n    \t    <div class=\"module-icon-item tf_inline_b\">\n\t\t\t\t\t\t\t\t\t\t\t\t\t\t\t\t\t<em class=\"ui tf_vmiddle tf_textc tf_box transparent\"><svg  aria-hidden=\"true\" class=\"tf_fa tf-ti-alarm-clock\"><use href=\"#tf-ti-alarm-clock\"><\/use><\/svg><\/em>\n\t\t\t\t\t\t\t\t\t\t\t\t\t\t\t\t    <\/div>\n\t<\/div>\n<!-- \/module icon -->\n<!-- module text -->\n<div  class=\"module module-text tb_05u8871   \" data-lazy=\"1\">\n        <div  class=\"tb_text_wrap\">\n    <h4>Redes<\/h4>    <\/div>\n<\/div>\n<!-- \/module text --><!-- module icon -->\n<div  class=\"module module-icon tb_qg7h871  normal circle icon_horizontal \" data-lazy=\"1\">\n    \t    <div class=\"module-icon-item tf_inline_b\">\n\t\t\t\t\t\t\t<a href=\"https:\/\/www.facebook.com\/CiaPerroBufo\">\n\t\t\t\t\t\t\t\t\t\t\t\t\t\t\t\t\t<em class=\"ui tf_vmiddle tf_textc tf_box transparent\"><svg  aria-hidden=\"true\" class=\"tf_fa tf-fab-facebook\"><use href=\"#tf-fab-facebook\"><\/use><\/svg><\/em>\n\t\t\t\t\t\t\t\t\t\t\t\t\t\t\t\t\t\t\t<\/a>\n\t\t\t\t    <\/div>\n\t\t    <div class=\"module-icon-item tf_inline_b\">\n\t\t\t\t\t\t\t<a href=\"https:\/\/twitter.com\/perrobufo\">\n\t\t\t\t\t\t\t\t\t\t\t\t\t\t\t\t\t<em class=\"ui tf_vmiddle tf_textc tf_box transparent\"><svg  aria-hidden=\"true\" class=\"tf_fa tf-fab-twitter\"><use href=\"#tf-fab-twitter\"><\/use><\/svg><\/em>\n\t\t\t\t\t\t\t\t\t\t\t\t\t\t\t\t\t\t\t<\/a>\n\t\t\t\t    <\/div>\n\t\t    <div class=\"module-icon-item tf_inline_b\">\n\t\t\t\t\t\t\t<a href=\"https:\/\/www.instagram.com\/ciaperrobufo\/\">\n\t\t\t\t\t\t\t\t\t\t\t\t\t\t\t\t\t<em class=\"ui tf_vmiddle tf_textc tf_box transparent\"><svg  aria-hidden=\"true\" class=\"tf_fa tf-fab-instagram\"><use href=\"#tf-fab-instagram\"><\/use><\/svg><\/em>\n\t\t\t\t\t\t\t\t\t\t\t\t\t\t\t\t\t\t\t<\/a>\n\t\t\t\t    <\/div>\n\t\t    <div class=\"module-icon-item tf_inline_b\">\n\t\t\t\t\t\t\t<a href=\"https:\/\/www.youtube.com\/channel\/UCnUATtTiFeDHdzx2DDK-sYg\">\n\t\t\t\t\t\t\t\t\t\t\t\t\t\t\t\t\t<em class=\"ui tf_vmiddle tf_textc tf_box transparent\"><svg  aria-hidden=\"true\" class=\"tf_fa tf-fab-youtube\"><use href=\"#tf-fab-youtube\"><\/use><\/svg><\/em>\n\t\t\t\t\t\t\t\t\t\t\t\t\t\t\t\t\t\t\t<\/a>\n\t\t\t\t    <\/div>\n\t\t    <div class=\"module-icon-item tf_inline_b\">\n\t\t\t\t\t\t\t<a href=\"https:\/\/vimeo.com\/showcase\/5137966\">\n\t\t\t\t\t\t\t\t\t\t\t\t\t\t\t\t\t<em class=\"ui tf_vmiddle tf_textc tf_box transparent\"><svg  aria-hidden=\"true\" class=\"tf_fa tf-ti-vimeo\"><use href=\"#tf-ti-vimeo\"><\/use><\/svg><\/em>\n\t\t\t\t\t\t\t\t\t\t\t\t\t\t\t\t\t\t\t<\/a>\n\t\t\t\t    <\/div>\n\t<\/div>\n<!-- \/module icon -->\n\t        <\/div>\n\t    \t<\/div>\n\t\t<div  data-lazy=\"1\" class=\"sub_column module_column tf_box col2-1 first tb_qbbf872 repeat\" > \n\t    \t    \t        <div class=\"tb-column-inner tf_box tf_w\">\n\t\t    <!-- module icon -->\n<div  class=\"module module-icon tb_ogrl872  normal circle icon_horizontal tf_textc\" data-lazy=\"1\">\n    \t    <div class=\"module-icon-item tf_inline_b\">\n\t\t\t\t\t\t\t\t\t\t\t\t\t\t\t\t\t<em class=\"ui tf_vmiddle tf_textc tf_box transparent\"><svg  aria-hidden=\"true\" class=\"tf_fa tf-ti-email\"><use href=\"#tf-ti-email\"><\/use><\/svg><\/em>\n\t\t\t\t\t\t\t\t\t\t\t\t\t\t\t\t    <\/div>\n\t<\/div>\n<!-- \/module icon -->\n<!-- module text -->\n<div  class=\"module module-text tb_wd9r872   \" data-lazy=\"1\">\n        <div  class=\"tb_text_wrap\">\n    <h4>Escr\u00edbenos<\/h4>    <\/div>\n<\/div>\n<!-- \/module text --><!-- module text -->\n<div  class=\"module module-text tb_ssfq872   \" data-lazy=\"1\">\n        <div  class=\"tb_text_wrap\">\n    <p><a href=\"mailto:contacto@perrobufo.com\">contacto@perrobufo.com<\/a><\/p>\n    <\/div>\n<\/div>\n<!-- \/module text -->\t        <\/div>\n\t    \t<\/div>\n\t\t    <\/div>\n\t<\/div><!-- \/themify_builder_sub_row -->\n\t\t        <\/div>\n\t    \t<\/div>\n\t\t    <\/div>\n\t    <!-- \/row_inner -->\n\t<\/div>\n\t<!-- \/module_row -->\n\t\t<!-- module_row -->\n\t<div  data-anchor=\"contact\" data-lazy=\"1\" class=\"module_row themify_builder_row repeat tb_has_section tb_section-contact tb_44jd856 tf_clearfix\" >\n\t    \t\t<div class=\"row_inner col_align_top col-count-1 tf_box tf_w tf_rel\">\n\t\t\t<div  data-lazy=\"1\" class=\"module_column tb-column col-full first tb_sieq873 tf_box\">\n\t\t\t    \t        <div class=\"tb-column-inner tf_box tf_w\">\n\t\t    <!-- module fancy heading -->\n<div  class=\"module module-fancy-heading tb_ob5u874  tb_hide_divider\" data-lazy=\"1\">\n        <h3 class=\"fancy-heading tf_textc\">\n    <span  class=\"main-head tf_block\">\n\t\t\t\t\tEnv\u00edanos un mensaje\t\t    <\/span>\n    <span class=\"sub-head tf_block tf_rel\">\n\t\t\t\t\tCONTACTO\t\t    <\/span>\n    <\/h3>\n<\/div>\n<!-- \/module fancy heading -->\n\t<div  data-lazy=\"1\" class=\"module_subrow themify_builder_sub_row tb_c2hp140 tf_w tf_clearfix\">\n\t    \t\t<div class=\"subrow_inner col_align_top col-count-3 tf_box tf_w\">\n\t\t\t<div  data-lazy=\"1\" class=\"sub_column module_column tf_box col4-1 first tb_cooa142\"> \n\t    \t    \t<\/div>\n\t\t<div  data-lazy=\"1\" class=\"sub_column module_column tf_box col4-2 middle tb_gr4b395\"> \n\t    \t    \t        <div class=\"tb-column-inner tf_box tf_w\">\n\t\t    <!-- module text -->\n<div  class=\"module module-text tb_zjgh502   \" data-lazy=\"1\">\n        <div  class=\"tb_text_wrap\">\n    <div role=\"form\" class=\"wpcf7\" id=\"wpcf7-f227-o1\" lang=\"es-ES\" dir=\"ltr\">\n<div class=\"screen-reader-response\"><p role=\"status\" aria-live=\"polite\" aria-atomic=\"true\"><\/p> <ul><\/ul><\/div>\n<form action=\"\/site\/wp-json\/wp\/v2\/pages\/31#wpcf7-f227-o1\" method=\"post\" class=\"wpcf7-form init\" novalidate=\"novalidate\" data-status=\"init\">\n<div style=\"display: none;\">\n<input type=\"hidden\" name=\"_wpcf7\" value=\"227\" \/>\n<input type=\"hidden\" name=\"_wpcf7_version\" value=\"5.5.6.1\" \/>\n<input type=\"hidden\" name=\"_wpcf7_locale\" value=\"es_ES\" \/>\n<input type=\"hidden\" name=\"_wpcf7_unit_tag\" value=\"wpcf7-f227-o1\" \/>\n<input type=\"hidden\" name=\"_wpcf7_container_post\" value=\"0\" \/>\n<input type=\"hidden\" name=\"_wpcf7_posted_data_hash\" value=\"\" \/>\n<\/div>\n<p><label> Nombre (requerido)<br \/>\n    <span class=\"wpcf7-form-control-wrap your-name\"><input type=\"text\" name=\"your-name\" value=\"\" size=\"40\" class=\"wpcf7-form-control wpcf7-text wpcf7-validates-as-required\" aria-required=\"true\" aria-invalid=\"false\" \/><\/span> <\/label><\/p>\n<p><label> Tu correo electr\u00f3nico (requerido)<br \/>\n    <span class=\"wpcf7-form-control-wrap your-email\"><input type=\"email\" name=\"your-email\" value=\"\" size=\"40\" class=\"wpcf7-form-control wpcf7-text wpcf7-email wpcf7-validates-as-required wpcf7-validates-as-email\" aria-required=\"true\" aria-invalid=\"false\" \/><\/span> <\/label><\/p>\n<p><label> Asunto<br \/>\n    <span class=\"wpcf7-form-control-wrap your-subject\"><input type=\"text\" name=\"your-subject\" value=\"\" size=\"40\" class=\"wpcf7-form-control wpcf7-text\" aria-invalid=\"false\" \/><\/span> <\/label><\/p>\n<p><label> Mensaje<br \/>\n    <span class=\"wpcf7-form-control-wrap your-message\"><textarea name=\"your-message\" cols=\"40\" rows=\"10\" class=\"wpcf7-form-control wpcf7-textarea\" aria-invalid=\"false\"><\/textarea><\/span> <\/label><\/p>\n<p><input type=\"submit\" value=\"Enviar\" class=\"wpcf7-form-control has-spinner wpcf7-submit\" \/><\/p>\n<div class=\"wpcf7-response-output\" aria-hidden=\"true\"><\/div><\/form><\/div>\n    <\/div>\n<\/div>\n<!-- \/module text -->\t        <\/div>\n\t    \t<\/div>\n\t\t<div  data-lazy=\"1\" class=\"sub_column module_column tf_box col4-1 last tb_uy5t396\"> \n\t    \t    \t<\/div>\n\t\t    <\/div>\n\t<\/div><!-- \/themify_builder_sub_row -->\n\t\t        <\/div>\n\t    \t<\/div>\n\t\t    <\/div>\n\t    <!-- \/row_inner -->\n\t<\/div>\n\t<!-- \/module_row -->\n\t<\/div>\n<!--\/themify_builder_content-->\n","protected":false},"excerpt":{"rendered":"<p>Contacto<\/p>\n","protected":false},"author":1,"featured_media":0,"parent":0,"menu_order":0,"comment_status":"closed","ping_status":"closed","template":"","meta":[],"yoast_head":"<!-- This site is optimized with the Yoast SEO plugin v19.4 - https:\/\/yoast.com\/wordpress\/plugins\/seo\/ -->\n<title>Contacto - PERROBUFO<\/title>\n<meta name=\"robots\" content=\"index, follow, max-snippet:-1, max-image-preview:large, max-video-preview:-1\" \/>\n<link rel=\"canonical\" href=\"https:\/\/perrobufo.com\/site\/contacto\/\" \/>\n<meta property=\"og:locale\" content=\"es_ES\" \/>\n<meta property=\"og:type\" content=\"article\" \/>\n<meta property=\"og:title\" content=\"Contacto - PERROBUFO\" \/>\n<meta property=\"og:description\" content=\"Contacto\" \/>\n<meta property=\"og:url\" content=\"https:\/\/perrobufo.com\/site\/contacto\/\" \/>\n<meta property=\"og:site_name\" content=\"PERROBUFO\" \/>\n<meta property=\"article:publisher\" content=\"http:\/\/wwww.facebook.com\/CiaPerroBufo\/\" \/>\n<meta property=\"article:modified_time\" content=\"2021-09-16T04:46:57+00:00\" \/>\n<meta name=\"twitter:card\" content=\"summary_large_image\" \/>\n<meta name=\"twitter:site\" content=\"@perrobufo\" \/>\n<script type=\"application\/ld+json\" class=\"yoast-schema-graph\">{\"@context\":\"https:\/\/schema.org\",\"@graph\":[{\"@type\":\"Organization\",\"@id\":\"http:\/\/perrobufo.com\/#organization\",\"name\":\"Perro Bufo\",\"url\":\"http:\/\/perrobufo.com\/\",\"sameAs\":[\"http:\/\/www.instagram.com\/ciaperrobufo\/\",\"http:\/\/www.youtube.com\/channel\/UC6vcA2e4Ij5V4B0_ZALamNg\",\"http:\/\/wwww.facebook.com\/CiaPerroBufo\/\",\"https:\/\/twitter.com\/perrobufo\"],\"logo\":{\"@type\":\"ImageObject\",\"inLanguage\":\"es\",\"@id\":\"http:\/\/perrobufo.com\/#\/schema\/logo\/image\/\",\"url\":\"https:\/\/perrobufo.com\/site\/wp-content\/uploads\/2018\/04\/elperrobufo_marca_005.png\",\"contentUrl\":\"https:\/\/perrobufo.com\/site\/wp-content\/uploads\/2018\/04\/elperrobufo_marca_005.png\",\"width\":600,\"height\":689,\"caption\":\"Perro Bufo\"},\"image\":{\"@id\":\"http:\/\/perrobufo.com\/#\/schema\/logo\/image\/\"}},{\"@type\":\"WebSite\",\"@id\":\"http:\/\/perrobufo.com\/#website\",\"url\":\"http:\/\/perrobufo.com\/\",\"name\":\"PERRO BUFO\",\"description\":\"Compa\u00f1\u00eda de Teatro\",\"publisher\":{\"@id\":\"http:\/\/perrobufo.com\/#organization\"},\"potentialAction\":[{\"@type\":\"SearchAction\",\"target\":{\"@type\":\"EntryPoint\",\"urlTemplate\":\"http:\/\/perrobufo.com\/?s={search_term_string}\"},\"query-input\":\"required name=search_term_string\"}],\"inLanguage\":\"es\"},{\"@type\":\"WebPage\",\"@id\":\"https:\/\/perrobufo.com\/site\/contacto\/\",\"url\":\"https:\/\/perrobufo.com\/site\/contacto\/\",\"name\":\"Contacto - PERROBUFO\",\"isPartOf\":{\"@id\":\"http:\/\/perrobufo.com\/#website\"},\"datePublished\":\"2018-03-26T22:16:26+00:00\",\"dateModified\":\"2021-09-16T04:46:57+00:00\",\"breadcrumb\":{\"@id\":\"https:\/\/perrobufo.com\/site\/contacto\/#breadcrumb\"},\"inLanguage\":\"es\",\"potentialAction\":[{\"@type\":\"ReadAction\",\"target\":[\"https:\/\/perrobufo.com\/site\/contacto\/\"]}]},{\"@type\":\"BreadcrumbList\",\"@id\":\"https:\/\/perrobufo.com\/site\/contacto\/#breadcrumb\",\"itemListElement\":[{\"@type\":\"ListItem\",\"position\":1,\"name\":\"Portada\",\"item\":\"http:\/\/perrobufo.com\/\"},{\"@type\":\"ListItem\",\"position\":2,\"name\":\"Contacto\"}]}]}<\/script>\n<!-- \/ Yoast SEO plugin. -->","yoast_head_json":{"title":"Contacto - PERROBUFO","robots":{"index":"index","follow":"follow","max-snippet":"max-snippet:-1","max-image-preview":"max-image-preview:large","max-video-preview":"max-video-preview:-1"},"canonical":"https:\/\/perrobufo.com\/site\/contacto\/","og_locale":"es_ES","og_type":"article","og_title":"Contacto - PERROBUFO","og_description":"Contacto","og_url":"https:\/\/perrobufo.com\/site\/contacto\/","og_site_name":"PERROBUFO","article_publisher":"http:\/\/wwww.facebook.com\/CiaPerroBufo\/","article_modified_time":"2021-09-16T04:46:57+00:00","twitter_card":"summary_large_image","twitter_site":"@perrobufo","schema":{"@context":"https:\/\/schema.org","@graph":[{"@type":"Organization","@id":"http:\/\/perrobufo.com\/#organization","name":"Perro Bufo","url":"http:\/\/perrobufo.com\/","sameAs":["http:\/\/www.instagram.com\/ciaperrobufo\/","http:\/\/www.youtube.com\/channel\/UC6vcA2e4Ij5V4B0_ZALamNg","http:\/\/wwww.facebook.com\/CiaPerroBufo\/","https:\/\/twitter.com\/perrobufo"],"logo":{"@type":"ImageObject","inLanguage":"es","@id":"http:\/\/perrobufo.com\/#\/schema\/logo\/image\/","url":"https:\/\/perrobufo.com\/site\/wp-content\/uploads\/2018\/04\/elperrobufo_marca_005.png","contentUrl":"https:\/\/perrobufo.com\/site\/wp-content\/uploads\/2018\/04\/elperrobufo_marca_005.png","width":600,"height":689,"caption":"Perro Bufo"},"image":{"@id":"http:\/\/perrobufo.com\/#\/schema\/logo\/image\/"}},{"@type":"WebSite","@id":"http:\/\/perrobufo.com\/#website","url":"http:\/\/perrobufo.com\/","name":"PERRO BUFO","description":"Compa\u00f1\u00eda de Teatro","publisher":{"@id":"http:\/\/perrobufo.com\/#organization"},"potentialAction":[{"@type":"SearchAction","target":{"@type":"EntryPoint","urlTemplate":"http:\/\/perrobufo.com\/?s={search_term_string}"},"query-input":"required name=search_term_string"}],"inLanguage":"es"},{"@type":"WebPage","@id":"https:\/\/perrobufo.com\/site\/contacto\/","url":"https:\/\/perrobufo.com\/site\/contacto\/","name":"Contacto - PERROBUFO","isPartOf":{"@id":"http:\/\/perrobufo.com\/#website"},"datePublished":"2018-03-26T22:16:26+00:00","dateModified":"2021-09-16T04:46:57+00:00","breadcrumb":{"@id":"https:\/\/perrobufo.com\/site\/contacto\/#breadcrumb"},"inLanguage":"es","potentialAction":[{"@type":"ReadAction","target":["https:\/\/perrobufo.com\/site\/contacto\/"]}]},{"@type":"BreadcrumbList","@id":"https:\/\/perrobufo.com\/site\/contacto\/#breadcrumb","itemListElement":[{"@type":"ListItem","position":1,"name":"Portada","item":"http:\/\/perrobufo.com\/"},{"@type":"ListItem","position":2,"name":"Contacto"}]}]}},"builder_content":"<h1>Contacto<\/h1>\n<h1>PERROBUFO<\/h1> <h4>Compa\u00f1\u00eda de teatro de animaci\u00f3n<\/h4> <p>Habitamos espacios resignificando momentos<\/p> <h4>#medicina #teatro #educaci\u00f3n<\/h4>\n<a href=\"#contacto\" > Env\u00edanos un mensaje <\/a>\n<img src=\"https:\/\/perrobufo.com\/site\/wp-content\/uploads\/2021\/08\/elperrobufo_marca_006.png\">\n<h4>PERROBUFO<\/h4>\n<em><svg aria-hidden=\"true\"><use href=\"#tf-ti-comment-alt\"><\/use><\/svg><\/em>\n<h4>Whatsapp<\/h4>\n<p>+569 9999 9999<\/p>\n<em><svg aria-hidden=\"true\"><use href=\"#tf-ti-alarm-clock\"><\/use><\/svg><\/em>\n<h4>Redes<\/h4>\n<a href=\"https:\/\/www.facebook.com\/CiaPerroBufo\"> <em><svg aria-hidden=\"true\"><use href=\"#tf-fab-facebook\"><\/use><\/svg><\/em> <\/a> <a href=\"https:\/\/twitter.com\/perrobufo\"> <em><svg aria-hidden=\"true\"><use href=\"#tf-fab-twitter\"><\/use><\/svg><\/em> <\/a> <a href=\"https:\/\/www.instagram.com\/ciaperrobufo\/\"> <em><svg aria-hidden=\"true\"><use href=\"#tf-fab-instagram\"><\/use><\/svg><\/em> <\/a> <a href=\"https:\/\/www.youtube.com\/channel\/UCnUATtTiFeDHdzx2DDK-sYg\"> <em><svg aria-hidden=\"true\"><use href=\"#tf-fab-youtube\"><\/use><\/svg><\/em> <\/a> <a href=\"https:\/\/vimeo.com\/showcase\/5137966\"> <em><svg aria-hidden=\"true\"><use href=\"#tf-ti-vimeo\"><\/use><\/svg><\/em> <\/a>\n<em><svg aria-hidden=\"true\"><use href=\"#tf-ti-email\"><\/use><\/svg><\/em>\n<h4>Escr\u00edbenos<\/h4>\n<p><a href=\"mailto:contacto@perrobufo.com\">contacto@perrobufo.com<\/a><\/p>\n<h3>Env\u00edanos un mensaje<br\/>CONTACTO<\/h3>\n<p>[contact-form-7 id=\"227\" title=\"Contacto\"]<\/p>","_links":{"self":[{"href":"https:\/\/perrobufo.com\/site\/wp-json\/wp\/v2\/pages\/31"}],"collection":[{"href":"https:\/\/perrobufo.com\/site\/wp-json\/wp\/v2\/pages"}],"about":[{"href":"https:\/\/perrobufo.com\/site\/wp-json\/wp\/v2\/types\/page"}],"author":[{"embeddable":true,"href":"https:\/\/perrobufo.com\/site\/wp-json\/wp\/v2\/users\/1"}],"replies":[{"embeddable":true,"href":"https:\/\/perrobufo.com\/site\/wp-json\/wp\/v2\/comments?post=31"}],"version-history":[{"count":8,"href":"https:\/\/perrobufo.com\/site\/wp-json\/wp\/v2\/pages\/31\/revisions"}],"predecessor-version":[{"id":2500,"href":"https:\/\/perrobufo.com\/site\/wp-json\/wp\/v2\/pages\/31\/revisions\/2500"}],"wp:attachment":[{"href":"https:\/\/perrobufo.com\/site\/wp-json\/wp\/v2\/media?parent=31"}],"curies":[{"name":"wp","href":"https:\/\/api.w.org\/{rel}","templated":true}]}}