{"id":817,"date":"2022-11-23T18:39:52","date_gmt":"2022-11-23T18:39:52","guid":{"rendered":"https:\/\/perrobufo.com\/inicio\/?page_id=817"},"modified":"2022-12-08T00:46:06","modified_gmt":"2022-12-08T00:46:06","slug":"cuentos-para-el-alma","status":"publish","type":"page","link":"https:\/\/perrobufo.com\/inicio\/cuentos-para-el-alma\/","title":{"rendered":"Cuentos para el alma"},"content":{"rendered":"\n\t<div class=\"img has-hover x md-x lg-x y md-y lg-y\" id=\"image_518122318\">\n\t\t\t\t\t\t\t\t<div class=\"img-inner dark\" >\n\t\t\t<img loading=\"lazy\" decoding=\"async\" width=\"1280\" height=\"514\" src=\"https:\/\/perrobufo.com\/inicio\/wp-content\/uploads\/2022\/11\/slidecuentos.jpg\" class=\"attachment-original size-original\" alt=\"\" srcset=\"https:\/\/perrobufo.com\/inicio\/wp-content\/uploads\/2022\/11\/slidecuentos.jpg 1280w, https:\/\/perrobufo.com\/inicio\/wp-content\/uploads\/2022\/11\/slidecuentos-300x120.jpg 300w, https:\/\/perrobufo.com\/inicio\/wp-content\/uploads\/2022\/11\/slidecuentos-1024x411.jpg 1024w, https:\/\/perrobufo.com\/inicio\/wp-content\/uploads\/2022\/11\/slidecuentos-768x308.jpg 768w\" sizes=\"auto, (max-width: 1280px) 100vw, 1280px\" \/>\t\t\t\t\t\t\n\t\t\t\t\t<\/div>\n\t\t\t\t\t\t\t\t\n<style>\n#image_518122318 {\n  width: 100%;\n}\n<\/style>\n\t<\/div>\n\t\n\n\t<div id=\"gap-968382293\" class=\"gap-element clearfix\" style=\"display:block; height:auto;\">\n\t\t\n<style>\n#gap-968382293 {\n  padding-top: 30px;\n}\n<\/style>\n\t<\/div>\n\t\n\n<div class=\"row align-center\"  id=\"row-823597657\">\n\n\n\t<div id=\"col-1634439315\" class=\"col medium-9 small-12 large-9\"  >\n\t\t\t\t<div class=\"col-inner\"  >\n\t\t\t\n\t\t\t\n\n\t<div id=\"text-3412106414\" class=\"text\">\n\t\t\n\n<h2><strong><span style=\"font-size: 180%;\">CUENTOS PARA EL ALMA<\/span><br \/><\/strong><\/h2>\n<h2><strong><span style=\"font-size: 100%;\">PIEZA AUDIOVISUAL<\/span><\/strong><\/h2>\n\t\t\n<style>\n#text-3412106414 {\n  line-height: 0.75;\n  color: rgb(45, 46, 130);\n}\n#text-3412106414 > * {\n  color: rgb(45, 46, 130);\n}\n<\/style>\n\t<\/div>\n\t\n\t<div id=\"gap-1400490300\" class=\"gap-element clearfix\" style=\"display:block; height:auto;\">\n\t\t\n<style>\n#gap-1400490300 {\n  padding-top: 30px;\n}\n<\/style>\n\t<\/div>\n\t\n\n\t<div id=\"text-3160145251\" class=\"text\">\n\t\t\n\n<p>74 breves cuentos audiovisuales (c\u00e1psulas) destinadas para ni\u00f1os y ni\u00f1as, donde se abordan diferentes dimensiones socioemocionales para el \u00f3ptimo desarrollo del infante.)<\/p>\n<p>Creados en pandemia \u00abCuentos con alma\u00bb buscan un respiro de contenci\u00f3n emocional para los ni\u00f1os y ni\u00f1as en sus casas, abriendo paso a portales de fantas\u00edsa para encontrar dentro de cada interioridad un lugar de refugio y bienestar.<\/p>\n<p>Espect\u00e1culo audiovisual para todo espectador.<br \/>Duraci\u00f3n: 4 min. aprox.<\/p>\n\t\t\n<style>\n#text-3160145251 {\n  text-align: left;\n  color: rgb(26, 64, 171);\n}\n#text-3160145251 > * {\n  color: rgb(26, 64, 171);\n}\n<\/style>\n\t<\/div>\n\t\n\n\t\t<\/div>\n\t\t\t\t\t<\/div>\n\n\t\n\n<\/div>\n<div class=\"row align-center\"  id=\"row-534229016\">\n\n\n\t<div id=\"col-1761221487\" class=\"col medium-8 small-12 large-8\"  >\n\t\t\t\t<div class=\"col-inner text-center\"  >\n\t\t\t\n\t\t\t\n\n<div class=\"slider-wrapper relative\" id=\"slider-1144815334\" >\n    <div class=\"slider slider-nav-simple slider-nav-large slider-nav-dark slider-nav-outside slider-style-normal slider-show-nav\"\n        data-flickity-options='{\n            \"cellAlign\": \"center\",\n            \"imagesLoaded\": true,\n            \"lazyLoad\": 1,\n            \"freeScroll\": false,\n            \"wrapAround\": true,\n            \"autoPlay\": 6000,\n            \"pauseAutoPlayOnHover\" : true,\n            \"prevNextButtons\": true,\n            \"contain\" : true,\n            \"adaptiveHeight\" : true,\n            \"dragThreshold\" : 10,\n            \"percentPosition\": true,\n            \"pageDots\": false,\n            \"rightToLeft\": false,\n            \"draggable\": true,\n            \"selectedAttraction\": 0.1,\n            \"parallax\" : 0,\n            \"friction\": 0.6        }'\n        >\n        \n\n\t<div class=\"img has-hover x md-x lg-x y md-y lg-y\" id=\"image_107369051\">\n\t\t\t\t\t\t\t\t<div class=\"img-inner dark\" >\n\t\t\t<img loading=\"lazy\" decoding=\"async\" width=\"1162\" height=\"790\" src=\"https:\/\/perrobufo.com\/inicio\/wp-content\/uploads\/2022\/11\/cuentos_0001_foto-cuentos.jpg\" class=\"attachment-original size-original\" alt=\"\" srcset=\"https:\/\/perrobufo.com\/inicio\/wp-content\/uploads\/2022\/11\/cuentos_0001_foto-cuentos.jpg 1162w, https:\/\/perrobufo.com\/inicio\/wp-content\/uploads\/2022\/11\/cuentos_0001_foto-cuentos-300x204.jpg 300w, https:\/\/perrobufo.com\/inicio\/wp-content\/uploads\/2022\/11\/cuentos_0001_foto-cuentos-1024x696.jpg 1024w, https:\/\/perrobufo.com\/inicio\/wp-content\/uploads\/2022\/11\/cuentos_0001_foto-cuentos-768x522.jpg 768w\" sizes=\"auto, (max-width: 1162px) 100vw, 1162px\" \/>\t\t\t\t\t\t\n\t\t\t\t\t<\/div>\n\t\t\t\t\t\t\t\t\n<style>\n#image_107369051 {\n  width: 100%;\n}\n<\/style>\n\t<\/div>\n\t\n\n\t<div class=\"img has-hover x md-x lg-x y md-y lg-y\" id=\"image_884707082\">\n\t\t\t\t\t\t\t\t<div class=\"img-inner dark\" >\n\t\t\t<img loading=\"lazy\" decoding=\"async\" width=\"1162\" height=\"790\" src=\"https:\/\/perrobufo.com\/inicio\/wp-content\/uploads\/2022\/11\/cuentos_0000_fotos-cuentos-1.jpg\" class=\"attachment-original size-original\" alt=\"\" srcset=\"https:\/\/perrobufo.com\/inicio\/wp-content\/uploads\/2022\/11\/cuentos_0000_fotos-cuentos-1.jpg 1162w, https:\/\/perrobufo.com\/inicio\/wp-content\/uploads\/2022\/11\/cuentos_0000_fotos-cuentos-1-300x204.jpg 300w, https:\/\/perrobufo.com\/inicio\/wp-content\/uploads\/2022\/11\/cuentos_0000_fotos-cuentos-1-1024x696.jpg 1024w, https:\/\/perrobufo.com\/inicio\/wp-content\/uploads\/2022\/11\/cuentos_0000_fotos-cuentos-1-768x522.jpg 768w\" sizes=\"auto, (max-width: 1162px) 100vw, 1162px\" \/>\t\t\t\t\t\t\n\t\t\t\t\t<\/div>\n\t\t\t\t\t\t\t\t\n<style>\n#image_884707082 {\n  width: 100%;\n}\n<\/style>\n\t<\/div>\n\t\n\n\t<div class=\"img has-hover x md-x lg-x y md-y lg-y\" id=\"image_1431436733\">\n\t\t\t\t\t\t\t\t<div class=\"img-inner dark\" >\n\t\t\t<img loading=\"lazy\" decoding=\"async\" width=\"1162\" height=\"766\" src=\"https:\/\/perrobufo.com\/inicio\/wp-content\/uploads\/2022\/11\/cuentosconalma_0003_Captura-de-Pantalla-2022-05-14-a-las-14.05.15.jpg\" class=\"attachment-original size-original\" alt=\"\" srcset=\"https:\/\/perrobufo.com\/inicio\/wp-content\/uploads\/2022\/11\/cuentosconalma_0003_Captura-de-Pantalla-2022-05-14-a-las-14.05.15.jpg 1162w, https:\/\/perrobufo.com\/inicio\/wp-content\/uploads\/2022\/11\/cuentosconalma_0003_Captura-de-Pantalla-2022-05-14-a-las-14.05.15-300x198.jpg 300w, https:\/\/perrobufo.com\/inicio\/wp-content\/uploads\/2022\/11\/cuentosconalma_0003_Captura-de-Pantalla-2022-05-14-a-las-14.05.15-1024x675.jpg 1024w, https:\/\/perrobufo.com\/inicio\/wp-content\/uploads\/2022\/11\/cuentosconalma_0003_Captura-de-Pantalla-2022-05-14-a-las-14.05.15-768x506.jpg 768w\" sizes=\"auto, (max-width: 1162px) 100vw, 1162px\" \/>\t\t\t\t\t\t\n\t\t\t\t\t<\/div>\n\t\t\t\t\t\t\t\t\n<style>\n#image_1431436733 {\n  width: 100%;\n}\n<\/style>\n\t<\/div>\n\t\n\n\t<div class=\"img has-hover x md-x lg-x y md-y lg-y\" id=\"image_1774747575\">\n\t\t\t\t\t\t\t\t<div class=\"img-inner dark\" >\n\t\t\t<img loading=\"lazy\" decoding=\"async\" width=\"1162\" height=\"766\" src=\"https:\/\/perrobufo.com\/inicio\/wp-content\/uploads\/2022\/11\/cuentosconalma_0004_Captura-de-Pantalla-2022-05-14-a-las-14.02.25.jpg\" class=\"attachment-original size-original\" alt=\"\" srcset=\"https:\/\/perrobufo.com\/inicio\/wp-content\/uploads\/2022\/11\/cuentosconalma_0004_Captura-de-Pantalla-2022-05-14-a-las-14.02.25.jpg 1162w, https:\/\/perrobufo.com\/inicio\/wp-content\/uploads\/2022\/11\/cuentosconalma_0004_Captura-de-Pantalla-2022-05-14-a-las-14.02.25-300x198.jpg 300w, https:\/\/perrobufo.com\/inicio\/wp-content\/uploads\/2022\/11\/cuentosconalma_0004_Captura-de-Pantalla-2022-05-14-a-las-14.02.25-1024x675.jpg 1024w, https:\/\/perrobufo.com\/inicio\/wp-content\/uploads\/2022\/11\/cuentosconalma_0004_Captura-de-Pantalla-2022-05-14-a-las-14.02.25-768x506.jpg 768w\" sizes=\"auto, (max-width: 1162px) 100vw, 1162px\" \/>\t\t\t\t\t\t\n\t\t\t\t\t<\/div>\n\t\t\t\t\t\t\t\t\n<style>\n#image_1774747575 {\n  width: 100%;\n}\n<\/style>\n\t<\/div>\n\t\n\n\t<div class=\"img has-hover x md-x lg-x y md-y lg-y\" id=\"image_1698720707\">\n\t\t\t\t\t\t\t\t<div class=\"img-inner dark\" >\n\t\t\t<img loading=\"lazy\" decoding=\"async\" width=\"1162\" height=\"766\" src=\"https:\/\/perrobufo.com\/inicio\/wp-content\/uploads\/2022\/11\/cuentosconalma_0002_Captura-de-Pantalla-2022-05-14-a-las-14.05.51.jpg\" class=\"attachment-original size-original\" alt=\"\" srcset=\"https:\/\/perrobufo.com\/inicio\/wp-content\/uploads\/2022\/11\/cuentosconalma_0002_Captura-de-Pantalla-2022-05-14-a-las-14.05.51.jpg 1162w, https:\/\/perrobufo.com\/inicio\/wp-content\/uploads\/2022\/11\/cuentosconalma_0002_Captura-de-Pantalla-2022-05-14-a-las-14.05.51-300x198.jpg 300w, https:\/\/perrobufo.com\/inicio\/wp-content\/uploads\/2022\/11\/cuentosconalma_0002_Captura-de-Pantalla-2022-05-14-a-las-14.05.51-1024x675.jpg 1024w, https:\/\/perrobufo.com\/inicio\/wp-content\/uploads\/2022\/11\/cuentosconalma_0002_Captura-de-Pantalla-2022-05-14-a-las-14.05.51-768x506.jpg 768w\" sizes=\"auto, (max-width: 1162px) 100vw, 1162px\" \/>\t\t\t\t\t\t\n\t\t\t\t\t<\/div>\n\t\t\t\t\t\t\t\t\n<style>\n#image_1698720707 {\n  width: 100%;\n}\n<\/style>\n\t<\/div>\n\t\n\n\t<div class=\"img has-hover x md-x lg-x y md-y lg-y\" id=\"image_1372933495\">\n\t\t\t\t\t\t\t\t<div class=\"img-inner dark\" >\n\t\t\t<img loading=\"lazy\" decoding=\"async\" width=\"1162\" height=\"766\" src=\"https:\/\/perrobufo.com\/inicio\/wp-content\/uploads\/2022\/11\/cuentos-con-alma-fotos.jpg\" class=\"attachment-original size-original\" alt=\"\" srcset=\"https:\/\/perrobufo.com\/inicio\/wp-content\/uploads\/2022\/11\/cuentos-con-alma-fotos.jpg 1162w, https:\/\/perrobufo.com\/inicio\/wp-content\/uploads\/2022\/11\/cuentos-con-alma-fotos-300x198.jpg 300w, https:\/\/perrobufo.com\/inicio\/wp-content\/uploads\/2022\/11\/cuentos-con-alma-fotos-1024x675.jpg 1024w, https:\/\/perrobufo.com\/inicio\/wp-content\/uploads\/2022\/11\/cuentos-con-alma-fotos-768x506.jpg 768w\" sizes=\"auto, (max-width: 1162px) 100vw, 1162px\" \/>\t\t\t\t\t\t\n\t\t\t\t\t<\/div>\n\t\t\t\t\t\t\t\t\n<style>\n#image_1372933495 {\n  width: 100%;\n}\n<\/style>\n\t<\/div>\n\t\n\n\n     <\/div>\n\n     <div class=\"loading-spin dark large centered\"><\/div>\n\n     \t<\/div>\n\n\n\n\t\t<\/div>\n\t\t\t\t\t<\/div>\n\n\t\n\n<\/div>\n\t<div id=\"gap-704575670\" class=\"gap-element clearfix\" style=\"display:block; height:auto;\">\n\t\t\n<style>\n#gap-704575670 {\n  padding-top: 57px;\n}\n<\/style>\n\t<\/div>\n\t\n\n<div class=\"row align-center\"  id=\"row-1460142806\">\n\n\n\t<div id=\"col-1664862192\" class=\"col medium-8 small-12 large-8\"  >\n\t\t\t\t<div class=\"col-inner\"  >\n\t\t\t\n\t\t\t\n\n\t<div id=\"text-4161667915\" class=\"text\">\n\t\t\n\n<h2 class=\"uppercase\"><span style=\"color: #2d2e82;\"><strong>FICHA ART\u00cdSTICA<br \/><\/strong><\/span><\/h2>\n<p><strong>Direcci\u00f3n audiovisual y montaje<\/strong>: Gonzalo Ruiz<br \/><strong>Gui\u00f3n e idea original:<\/strong> Carmen Gloria S\u00e1nchez-Duque<br \/><strong>Int\u00e9rpretes<\/strong>: Carmen Gloria S\u00e1nchez-Duque, Camila P\u00e9rez, Antonia Garrido, Mar\u00eda Jos\u00e9 Debesa, Tato Moya<\/p>\n\t\t\n<style>\n#text-4161667915 {\n  color: rgb(26, 64, 171);\n}\n#text-4161667915 > * {\n  color: rgb(26, 64, 171);\n}\n<\/style>\n\t<\/div>\n\t\n\n\t\t<\/div>\n\t\t\t\t\t<\/div>\n\n\t\n\n<\/div>\n\t<div id=\"gap-436340468\" class=\"gap-element clearfix\" style=\"display:block; height:auto;\">\n\t\t\n<style>\n#gap-436340468 {\n  padding-top: 57px;\n}\n<\/style>\n\t<\/div>\n\t\n\n<div class=\"row align-center\"  id=\"row-1942681423\">\n\n\n\t<div id=\"col-1995347409\" class=\"col medium-4 small-12 large-4\"  >\n\t\t\t\t<div class=\"col-inner text-right\"  >\n\t\t\t\n\t\t\t\n\n<a rel=\"noopener noreferrer\" href=\"https:\/\/perrobufo.com\/inicio\/wp-content\/uploads\/2022\/12\/Dossier-_Cuentos-para-el-alma_.pdf\" target=\"_blank\" class=\"button secondary\"  style=\"border-radius:10px;padding:0px 30px 0px 30px;\">\n    <span>Dossier<\/span>\n  <\/a>\n\n\n\n\t\t<\/div>\n\t\t\t\t\t<\/div>\n\n\t\n\n\t<div id=\"col-422430685\" class=\"col medium-4 small-12 large-4\"  >\n\t\t\t\t<div class=\"col-inner text-center\"  >\n\t\t\t\n\t\t\t\n\n<a rel=\"noopener noreferrer\" href=\"https:\/\/youtu.be\/NfxGyJNdrwE\" target=\"_blank\" class=\"button secondary\"  style=\"border-radius:10px;padding:0px 30px 0px 30px;\">\n  <i class=\"icon-youtube\" aria-hidden=\"true\" ><\/i>  <span>Trailer<\/span>\n  <\/a>\n\n\n\n\t\t<\/div>\n\t\t\t\t\n<style>\n#col-422430685 > .col-inner {\n  margin: 0px 0px 0px 0px;\n}\n<\/style>\n\t<\/div>\n\n\t\n\n<\/div>\n\t<div id=\"gap-465888683\" class=\"gap-element clearfix\" style=\"display:block; height:auto;\">\n\t\t\n<style>\n#gap-465888683 {\n  padding-top: 57px;\n}\n<\/style>\n\t<\/div>\n\t\n\n\n","protected":false},"excerpt":{"rendered":"","protected":false},"author":1,"featured_media":0,"parent":0,"menu_order":0,"comment_status":"closed","ping_status":"closed","template":"page-blank.php","meta":{"footnotes":""},"class_list":["post-817","page","type-page","status-publish","hentry"],"_links":{"self":[{"href":"https:\/\/perrobufo.com\/inicio\/wp-json\/wp\/v2\/pages\/817","targetHints":{"allow":["GET"]}}],"collection":[{"href":"https:\/\/perrobufo.com\/inicio\/wp-json\/wp\/v2\/pages"}],"about":[{"href":"https:\/\/perrobufo.com\/inicio\/wp-json\/wp\/v2\/types\/page"}],"author":[{"embeddable":true,"href":"https:\/\/perrobufo.com\/inicio\/wp-json\/wp\/v2\/users\/1"}],"replies":[{"embeddable":true,"href":"https:\/\/perrobufo.com\/inicio\/wp-json\/wp\/v2\/comments?post=817"}],"version-history":[{"count":16,"href":"https:\/\/perrobufo.com\/inicio\/wp-json\/wp\/v2\/pages\/817\/revisions"}],"predecessor-version":[{"id":1227,"href":"https:\/\/perrobufo.com\/inicio\/wp-json\/wp\/v2\/pages\/817\/revisions\/1227"}],"wp:attachment":[{"href":"https:\/\/perrobufo.com\/inicio\/wp-json\/wp\/v2\/media?parent=817"}],"curies":[{"name":"wp","href":"https:\/\/api.w.org\/{rel}","templated":true}]}}