{"id":729,"date":"2022-11-22T20:51:29","date_gmt":"2022-11-22T20:51:29","guid":{"rendered":"https:\/\/perrobufo.com\/inicio\/?page_id=729"},"modified":"2022-11-29T02:20:15","modified_gmt":"2022-11-29T02:20:15","slug":"extension","status":"publish","type":"page","link":"https:\/\/perrobufo.com\/inicio\/extension\/","title":{"rendered":"Extensi\u00f3n"},"content":{"rendered":"\n\t<section class=\"section dark\" id=\"section_1408891740\">\n\t\t<div class=\"bg section-bg fill bg-fill  \" >\n\n\t\t\t\n\t\t\t\n\t\t\t\n\n\t\t<\/div>\n\n\t\t\n\n\t\t<div class=\"section-content relative\">\n\t\t\t\n\n<div class=\"row row-collapse row-full-width align-middle\"  id=\"row-212975810\">\n\n\n\t<div id=\"col-1901439250\" class=\"col medium-6 small-12 large-6\"  >\n\t\t\t\t<div class=\"col-inner text-left\" style=\"background-color:rgba(26, 64, 171, 0.855);\" >\n\t\t\t\n\t\t\t\n\n\t<div id=\"text-1855999413\" class=\"text\">\n\t\t\n\n<h2 class=\"uppercase\"><span style=\"font-size: 110%;\">Diplomado en Metodolog\u00edas<\/span><\/h2>\n<h2 class=\"uppercase\"><span style=\"font-size: 110%;\">Teatrales aplicadas a la Educaci\u00f3n<\/span><\/h2>\n<p>El Diplomado en pedagog\u00eda teatral: Metodolog\u00edas teatrales aplicadas a la educaci\u00f3n, integra t\u00e9cnicas y pr\u00e1cticas de la pedagog\u00eda teatral al dise\u00f1o curricular de aula, con el objetivo de enriquecer las pr\u00e1cticas pedag\u00f3gicas y as\u00ed impactar los resultados de aprendizaje. Desde las pr\u00e1cticas de la pedagog\u00eda teatral, se busca construir un aula m\u00e1s integradora, innovadora y l\u00fadica, donde el \u201cjuego\u201d es una herramienta metodol\u00f3gica fundamental para el desarrollo de habilidades y destrezas en los estudiantes.<\/p>\n<p><strong>Objetivo General<\/strong>: Dise\u00f1ar e implementar estrategias metodol\u00f3gicas de la Pedagog\u00eda Teatral fundamentadas desde las Neurociencias, que enriquezcan las pr\u00e1cticas en el aula en los diversos niveles del sistema escolar en Chile.<\/p>\n<p><strong>Directora Acad\u00e9mica<\/strong>: Carmen Gloria S\u00e1nchez Duque.<\/p>\n<p><span style=\"font-size: 90%;\"><strong>M\u00e1s info<\/strong>: <\/span><a href=\"https:\/\/postgrados.uft.cl\/programas\/facultad-de-educacion\/diplomado-metodologias-teatrales-aplicadas-a-la-educacion\/\" target=\"_blank\" rel=\"noopener\"><span style=\"font-size: 90%;\">https:\/\/postgrados.uft.cl\/programas\/facultad-de-educacion\/diplomado-metodologias-teatrales-aplicadas-a-la-educacion\/<\/span><\/a><\/p>\n\t\t\n<style>\n#text-1855999413 {\n  color: rgb(255, 255, 255);\n}\n#text-1855999413 > * {\n  color: rgb(255, 255, 255);\n}\n<\/style>\n\t<\/div>\n\t\n\n\t\t<\/div>\n\t\t\t\t\n<style>\n#col-1901439250 > .col-inner {\n  padding: 9% 5% 9% 34px;\n  max-width: 520px;\n}\n<\/style>\n\t<\/div>\n\n\t\n\n\t<div id=\"col-1314914796\" class=\"col medium-6 small-12 large-6\"  >\n\t\t\t\t<div class=\"col-inner\"  >\n\t\t\t\n\t\t\t\n\n\n\t\t<\/div>\n\t\t\t\t\t<\/div>\n\n\t\n\n<\/div>\n\n\t\t<\/div>\n\n\t\t\n<style>\n#section_1408891740 {\n  padding-top: 0px;\n  padding-bottom: 0px;\n  background-color: rgb(64, 64, 64);\n}\n#section_1408891740 .section-bg.bg-loaded {\n  background-image: url(https:\/\/perrobufo.com\/inicio\/wp-content\/uploads\/2022\/11\/55793560_10216551476433558_2590773252754243584_n.jpg);\n}\n#section_1408891740 .ux-shape-divider--top svg {\n  height: 150px;\n  --divider-top-width: 100%;\n}\n#section_1408891740 .ux-shape-divider--bottom svg {\n  height: 150px;\n  --divider-width: 100%;\n}\n<\/style>\n\t<\/section>\n\t\n\t<section class=\"section dark\" id=\"section_979887510\">\n\t\t<div class=\"bg section-bg fill bg-fill  \" >\n\n\t\t\t\n\t\t\t\n\t\t\t\n\n\t\t<\/div>\n\n\t\t\n\n\t\t<div class=\"section-content relative\">\n\t\t\t\n\n<div class=\"row row-collapse row-full-width align-middle\"  id=\"row-1452895249\">\n\n\n\t<div id=\"col-1050213605\" class=\"col medium-6 small-12 large-6\"  >\n\t\t\t\t<div class=\"col-inner\"  >\n\t\t\t\n\t\t\t\n\n\n\t\t<\/div>\n\t\t\t\t\t<\/div>\n\n\t\n\n\t<div id=\"col-1933042677\" class=\"col medium-6 small-12 large-6\"  >\n\t\t\t\t<div class=\"col-inner text-left\" style=\"background-color:rgba(240, 218, 182, 0.814);\" >\n\t\t\t\n\t\t\t\n\n\t<div id=\"text-2455848767\" class=\"text\">\n\t\t\n\n<h2 class=\"uppercase\"><span style=\"font-size: 110%;\">Taller de teatro de Objetos<\/span><\/h2>\n<p>El taller de Objetos, busca poner en relaci\u00f3n la acci\u00f3n dram\u00e1tica y expresiva entre el creador y los objetos, dispuestos al servicio de la creaci\u00f3n y puesta en escena de una historia o situaci\u00f3n teatral. El taller consta de un proceso creativo, acompa\u00f1ada del equipo PERROBUFO. A trav\u00e9s del juego y el cuerpo, buscaremos las infinitas posibilidades expresivas y po\u00e9ticas de los objetos para ponerlas al servicio de la creaci\u00f3n.<\/p>\n<p>Este taller puede ser impartido de tres maneras:<\/p>\n<p><strong>1.<\/strong> Dirigido a profesionales de las Artes Esc\u00e9nicas, de las Artes y personas que deseen crear su propio espect\u00e1culo animado en forma profesional. <br \/><br \/><strong>2.<\/strong> Dirigido a profesores con fines de renovar sus pr\u00e1cticas pedag\u00f3gicas y motivar a sus estudiantes a la creatividad. <br \/><br \/><strong>3.<\/strong> Dirigido a ni\u00f1os y ni\u00f1as con fines creativos y pedag\u00f3gicos.<\/p>\n<p><span style=\"font-size: 90%;\">Este taller puede dictarse en grupos reducidos, de manera online o presencial. Para mayor informaci\u00f3n env\u00eda un email a ciaperrobufo@gmail.com<\/span><\/p>\n\t\t\n<style>\n#text-2455848767 {\n  color: rgb(45, 46, 130);\n}\n#text-2455848767 > * {\n  color: rgb(45, 46, 130);\n}\n<\/style>\n\t<\/div>\n\t\n\n\t\t<\/div>\n\t\t\t\t\n<style>\n#col-1933042677 > .col-inner {\n  padding: 9% 5% 9% 34px;\n  max-width: 520px;\n}\n<\/style>\n\t<\/div>\n\n\t\n\n<\/div>\n\n\t\t<\/div>\n\n\t\t\n<style>\n#section_979887510 {\n  padding-top: 0px;\n  padding-bottom: 0px;\n  background-color: rgb(64, 64, 64);\n}\n#section_979887510 .section-bg.bg-loaded {\n  background-image: url(https:\/\/perrobufo.com\/inicio\/wp-content\/uploads\/2022\/11\/tALLER-TEATRO-D-EOBEJTOS.jpg);\n}\n#section_979887510 .ux-shape-divider--top svg {\n  height: 150px;\n  --divider-top-width: 100%;\n}\n#section_979887510 .ux-shape-divider--bottom svg {\n  height: 150px;\n  --divider-width: 100%;\n}\n<\/style>\n\t<\/section>\n\t\n\t<section class=\"section dark\" id=\"section_1758589882\">\n\t\t<div class=\"bg section-bg fill bg-fill  \" >\n\n\t\t\t\n\t\t\t\n\t\t\t\n\n\t\t<\/div>\n\n\t\t\n\n\t\t<div class=\"section-content relative\">\n\t\t\t\n\n<div class=\"row row-collapse row-full-width align-middle\"  id=\"row-330830758\">\n\n\n\t<div id=\"col-1781327559\" class=\"col medium-6 small-12 large-6\"  >\n\t\t\t\t<div class=\"col-inner text-left\" style=\"background-color:rgba(45, 46, 130, 0.86);\" >\n\t\t\t\n\t\t\t\n\n\t<div id=\"text-605256877\" class=\"text\">\n\t\t\n\n<h2 class=\"uppercase\"><span style=\"font-size: 110%;\">Taller de teatro lambe lambe<\/span><\/h2>\n<p>El taller de teatro lambe, consta de un proceso creativo, donde podr\u00e1s realizar tu propia cajita lambe lambe acompa\u00f1ada del equipo PERROBUFO.\u00a0<\/p>\n<p>A trav\u00e9s de una Idea, un texto (canci\u00f3n, cuento, noticia, poema), una foto o un objeto te guiaremos a realizar tu propia dramaturgia, personajes y atmosferas. Con elementos reciclados y de f\u00e1cil manipulaci\u00f3n.<\/p>\n<p>Este taller puede ser impartido de tres maneras:<\/p>\n<p><strong>1.<\/strong> Dirigido a profesionales de las Artes Esc\u00e9nicas, de las Artes y personas que deseen crear su propio espect\u00e1culo animado en forma profesional. <br \/><br \/><strong>2.<\/strong> Dirigido a profesores con fines de renovar sus pr\u00e1cticas pedag\u00f3gicas y motivar a sus estudiantes a la creatividad. <br \/><br \/><strong>3.<\/strong> Dirigido a ni\u00f1os y ni\u00f1as con fines creativos y pedag\u00f3gicos.<\/p>\n<p><span style=\"font-size: 90%;\">Este taller puede dictarse en grupos reducidos, de manera online o presencial. Para mayor informaci\u00f3n env\u00eda un email a ciaperrobufo@gmail.com<\/span><\/p>\n\t\t\n<style>\n#text-605256877 {\n  color: rgb(240, 218, 182);\n}\n#text-605256877 > * {\n  color: rgb(240, 218, 182);\n}\n<\/style>\n\t<\/div>\n\t\n\n\t\t<\/div>\n\t\t\t\t\n<style>\n#col-1781327559 > .col-inner {\n  padding: 9% 5% 9% 34px;\n  max-width: 520px;\n}\n<\/style>\n\t<\/div>\n\n\t\n\n\t<div id=\"col-1379724851\" class=\"col medium-6 small-12 large-6\"  >\n\t\t\t\t<div class=\"col-inner\"  >\n\t\t\t\n\t\t\t\n\n\n\t\t<\/div>\n\t\t\t\t\t<\/div>\n\n\t\n\n<\/div>\n\n\t\t<\/div>\n\n\t\t\n<style>\n#section_1758589882 {\n  padding-top: 0px;\n  padding-bottom: 0px;\n  background-color: rgb(64, 64, 64);\n}\n#section_1758589882 .section-bg.bg-loaded {\n  background-image: url(https:\/\/perrobufo.com\/inicio\/wp-content\/uploads\/2022\/11\/Taller-de-Teatro-Lambe-lambe.jpg);\n}\n#section_1758589882 .ux-shape-divider--top svg {\n  height: 150px;\n  --divider-top-width: 100%;\n}\n#section_1758589882 .ux-shape-divider--bottom svg {\n  height: 150px;\n  --divider-width: 100%;\n}\n<\/style>\n\t<\/section>\n\t\n\t<section class=\"section dark\" id=\"section_1533022962\">\n\t\t<div class=\"bg section-bg fill bg-fill  \" >\n\n\t\t\t\n\t\t\t\n\t\t\t\n\n\t\t<\/div>\n\n\t\t\n\n\t\t<div class=\"section-content relative\">\n\t\t\t\n\n<div class=\"row row-collapse row-full-width align-middle\"  id=\"row-2095321102\">\n\n\n\t<div id=\"col-1138601869\" class=\"col medium-6 small-12 large-6\"  >\n\t\t\t\t<div class=\"col-inner\"  >\n\t\t\t\n\t\t\t\n\n\n\t\t<\/div>\n\t\t\t\t\t<\/div>\n\n\t\n\n\t<div id=\"col-550540774\" class=\"col medium-6 small-12 large-6\"  >\n\t\t\t\t<div class=\"col-inner text-left\" style=\"background-color:rgba(144, 192, 234, 0.82);\" >\n\t\t\t\n\t\t\t\n\n\t<div id=\"text-1123705687\" class=\"text\">\n\t\t\n\n<h2 class=\"uppercase\"><span style=\"font-size: 110%;\">Taller de pedagog\u00eda Teatral<\/span><\/h2>\n<p>Taller donde podr\u00e1s explorar la el Teatro Aplicado en la educaci\u00f3n a trav\u00e9s de metodolog\u00edas propias de la pedagog\u00eda teatral. Renovando tus pr\u00e1cticas dentro del aula con estrategias y actividades acordes a la expresi\u00f3n dram\u00e1tica, la dramatizaci\u00f3n y el juego dram\u00e1tico.<\/p>\n<p><span style=\"font-size: 90%;\">Este taller puede dictarse en grupos reducidos de profesores y\/u artistas, de manera online o presencial. Para mayor informaci\u00f3n env\u00eda un email a ciaperrobufo@gmail.com<\/span><\/p>\n\t\t\n<style>\n#text-1123705687 {\n  color: rgb(41, 35, 92);\n}\n#text-1123705687 > * {\n  color: rgb(41, 35, 92);\n}\n<\/style>\n\t<\/div>\n\t\n\n\t\t<\/div>\n\t\t\t\t\n<style>\n#col-550540774 > .col-inner {\n  padding: 30% 5% 30% 34px;\n  max-width: 520px;\n}\n<\/style>\n\t<\/div>\n\n\t\n\n<\/div>\n\n\t\t<\/div>\n\n\t\t\n<style>\n#section_1533022962 {\n  padding-top: 0px;\n  padding-bottom: 0px;\n  background-color: rgb(64, 64, 64);\n}\n#section_1533022962 .section-bg.bg-loaded {\n  background-image: url(https:\/\/perrobufo.com\/inicio\/wp-content\/uploads\/2022\/11\/Taller-Pedagogia-Teatral.jpg);\n}\n#section_1533022962 .ux-shape-divider--top svg {\n  height: 150px;\n  --divider-top-width: 100%;\n}\n#section_1533022962 .ux-shape-divider--bottom svg {\n  height: 150px;\n  --divider-width: 100%;\n}\n<\/style>\n\t<\/section>\n\t\n\n","protected":false},"excerpt":{"rendered":"","protected":false},"author":1,"featured_media":0,"parent":0,"menu_order":0,"comment_status":"closed","ping_status":"closed","template":"page-blank.php","meta":{"footnotes":""},"class_list":["post-729","page","type-page","status-publish","hentry"],"_links":{"self":[{"href":"https:\/\/perrobufo.com\/inicio\/wp-json\/wp\/v2\/pages\/729","targetHints":{"allow":["GET"]}}],"collection":[{"href":"https:\/\/perrobufo.com\/inicio\/wp-json\/wp\/v2\/pages"}],"about":[{"href":"https:\/\/perrobufo.com\/inicio\/wp-json\/wp\/v2\/types\/page"}],"author":[{"embeddable":true,"href":"https:\/\/perrobufo.com\/inicio\/wp-json\/wp\/v2\/users\/1"}],"replies":[{"embeddable":true,"href":"https:\/\/perrobufo.com\/inicio\/wp-json\/wp\/v2\/comments?post=729"}],"version-history":[{"count":53,"href":"https:\/\/perrobufo.com\/inicio\/wp-json\/wp\/v2\/pages\/729\/revisions"}],"predecessor-version":[{"id":1203,"href":"https:\/\/perrobufo.com\/inicio\/wp-json\/wp\/v2\/pages\/729\/revisions\/1203"}],"wp:attachment":[{"href":"https:\/\/perrobufo.com\/inicio\/wp-json\/wp\/v2\/media?parent=729"}],"curies":[{"name":"wp","href":"https:\/\/api.w.org\/{rel}","templated":true}]}}