{"id":661,"date":"2022-11-18T21:21:31","date_gmt":"2022-11-18T21:21:31","guid":{"rendered":"https:\/\/perrobufo.com\/inicio\/?page_id=661"},"modified":"2022-12-08T00:26:33","modified_gmt":"2022-12-08T00:26:33","slug":"un-dia-como-hoy","status":"publish","type":"page","link":"https:\/\/perrobufo.com\/inicio\/un-dia-como-hoy\/","title":{"rendered":"Un d\u00eda como hoy"},"content":{"rendered":"\n\t<div class=\"img has-hover x md-x lg-x y md-y lg-y\" id=\"image_297630080\">\n\t\t\t\t\t\t\t\t<div class=\"img-inner dark\" >\n\t\t\t<img loading=\"lazy\" decoding=\"async\" width=\"1280\" height=\"514\" src=\"https:\/\/perrobufo.com\/inicio\/wp-content\/uploads\/2022\/11\/undiacomohoyportada.jpg\" class=\"attachment-original size-original\" alt=\"\" srcset=\"https:\/\/perrobufo.com\/inicio\/wp-content\/uploads\/2022\/11\/undiacomohoyportada.jpg 1280w, https:\/\/perrobufo.com\/inicio\/wp-content\/uploads\/2022\/11\/undiacomohoyportada-300x120.jpg 300w, https:\/\/perrobufo.com\/inicio\/wp-content\/uploads\/2022\/11\/undiacomohoyportada-1024x411.jpg 1024w, https:\/\/perrobufo.com\/inicio\/wp-content\/uploads\/2022\/11\/undiacomohoyportada-768x308.jpg 768w\" sizes=\"auto, (max-width: 1280px) 100vw, 1280px\" \/>\t\t\t\t\t\t\n\t\t\t\t\t<\/div>\n\t\t\t\t\t\t\t\t\n<style>\n#image_297630080 {\n  width: 100%;\n}\n<\/style>\n\t<\/div>\n\t\n\n\t<div id=\"gap-31692675\" class=\"gap-element clearfix\" style=\"display:block; height:auto;\">\n\t\t\n<style>\n#gap-31692675 {\n  padding-top: 30px;\n}\n<\/style>\n\t<\/div>\n\t\n\n<div class=\"row align-center\"  id=\"row-649210696\">\n\n\n\t<div id=\"col-273954126\" class=\"col medium-9 small-12 large-9\"  >\n\t\t\t\t<div class=\"col-inner\"  >\n\t\t\t\n\t\t\t\n\n\t<div id=\"text-3503517204\" class=\"text\">\n\t\t\n\n<h2><strong><span style=\"font-size: 180%;\">UN D\u00cdA COMO HOY<\/span><br \/><\/strong><\/h2>\n<h2><strong><span style=\"font-size: 100%;\">OBRA TEATRAL<\/span><\/strong><\/h2>\n\t\t\n<style>\n#text-3503517204 {\n  line-height: 0.75;\n  color: rgb(45, 46, 130);\n}\n#text-3503517204 > * {\n  color: rgb(45, 46, 130);\n}\n<\/style>\n\t<\/div>\n\t\n\t<div id=\"gap-711060007\" class=\"gap-element clearfix\" style=\"display:block; height:auto;\">\n\t\t\n<style>\n#gap-711060007 {\n  padding-top: 30px;\n}\n<\/style>\n\t<\/div>\n\t\n\n\t<div id=\"text-1673750368\" class=\"text\">\n\t\t\n\n<p>Un viaje c\u00f3smico a lo desconocido a trav\u00e9s de los sue\u00f1os y juegos de el Tavo y la Ni\u00f1a. Una historia \u00edntima para todo espectador, que te invita a resignificar la muerte como forma de trascendencia.<\/p>\n<p>Espect\u00e1culo para todo espectador.<br \/>Duraci\u00f3n: 45 min. en un m\u00e1gico domo.<\/p>\n\t\t\n<style>\n#text-1673750368 {\n  text-align: left;\n  color: rgb(26, 64, 171);\n}\n#text-1673750368 > * {\n  color: rgb(26, 64, 171);\n}\n<\/style>\n\t<\/div>\n\t\n\n\t\t<\/div>\n\t\t\t\t\t<\/div>\n\n\t\n\n<\/div>\n<div class=\"row align-center\"  id=\"row-1360524937\">\n\n\n\t<div id=\"col-925770373\" class=\"col medium-8 small-12 large-8\"  >\n\t\t\t\t<div class=\"col-inner text-center\"  >\n\t\t\t\n\t\t\t\n\n<div class=\"slider-wrapper relative\" id=\"slider-550094714\" >\n    <div class=\"slider slider-nav-simple slider-nav-large slider-nav-dark slider-nav-outside slider-style-normal slider-show-nav\"\n        data-flickity-options='{\n            \"cellAlign\": \"center\",\n            \"imagesLoaded\": true,\n            \"lazyLoad\": 1,\n            \"freeScroll\": false,\n            \"wrapAround\": true,\n            \"autoPlay\": 6000,\n            \"pauseAutoPlayOnHover\" : true,\n            \"prevNextButtons\": true,\n            \"contain\" : true,\n            \"adaptiveHeight\" : true,\n            \"dragThreshold\" : 10,\n            \"percentPosition\": true,\n            \"pageDots\": false,\n            \"rightToLeft\": false,\n            \"draggable\": true,\n            \"selectedAttraction\": 0.1,\n            \"parallax\" : 0,\n            \"friction\": 0.6        }'\n        >\n        \n\n\t<div class=\"img has-hover x md-x lg-x y md-y lg-y\" id=\"image_1562256509\">\n\t\t\t\t\t\t\t\t<div class=\"img-inner dark\" >\n\t\t\t<img loading=\"lazy\" decoding=\"async\" width=\"1162\" height=\"790\" src=\"https:\/\/perrobufo.com\/inicio\/wp-content\/uploads\/2022\/11\/undiacomohoyafiche.jpg\" class=\"attachment-original size-original\" alt=\"\" srcset=\"https:\/\/perrobufo.com\/inicio\/wp-content\/uploads\/2022\/11\/undiacomohoyafiche.jpg 1162w, https:\/\/perrobufo.com\/inicio\/wp-content\/uploads\/2022\/11\/undiacomohoyafiche-300x204.jpg 300w, https:\/\/perrobufo.com\/inicio\/wp-content\/uploads\/2022\/11\/undiacomohoyafiche-1024x696.jpg 1024w, https:\/\/perrobufo.com\/inicio\/wp-content\/uploads\/2022\/11\/undiacomohoyafiche-768x522.jpg 768w\" sizes=\"auto, (max-width: 1162px) 100vw, 1162px\" \/>\t\t\t\t\t\t\n\t\t\t\t\t<\/div>\n\t\t\t\t\t\t\t\t\n<style>\n#image_1562256509 {\n  width: 100%;\n}\n<\/style>\n\t<\/div>\n\t\n\n\t<div class=\"img has-hover x md-x lg-x y md-y lg-y\" id=\"image_1527255480\">\n\t\t\t\t\t\t\t\t<div class=\"img-inner dark\" >\n\t\t\t<img loading=\"lazy\" decoding=\"async\" width=\"1162\" height=\"790\" src=\"https:\/\/perrobufo.com\/inicio\/wp-content\/uploads\/2022\/11\/undiacomohoy_0002_Roberto-del-Rio-web-25.jpg\" class=\"attachment-original size-original\" alt=\"\" srcset=\"https:\/\/perrobufo.com\/inicio\/wp-content\/uploads\/2022\/11\/undiacomohoy_0002_Roberto-del-Rio-web-25.jpg 1162w, https:\/\/perrobufo.com\/inicio\/wp-content\/uploads\/2022\/11\/undiacomohoy_0002_Roberto-del-Rio-web-25-300x204.jpg 300w, https:\/\/perrobufo.com\/inicio\/wp-content\/uploads\/2022\/11\/undiacomohoy_0002_Roberto-del-Rio-web-25-1024x696.jpg 1024w, https:\/\/perrobufo.com\/inicio\/wp-content\/uploads\/2022\/11\/undiacomohoy_0002_Roberto-del-Rio-web-25-768x522.jpg 768w\" sizes=\"auto, (max-width: 1162px) 100vw, 1162px\" \/>\t\t\t\t\t\t\n\t\t\t\t\t<\/div>\n\t\t\t\t\t\t\t\t\n<style>\n#image_1527255480 {\n  width: 100%;\n}\n<\/style>\n\t<\/div>\n\t\n\n\t<div class=\"img has-hover x md-x lg-x y md-y lg-y\" id=\"image_1087183548\">\n\t\t\t\t\t\t\t\t<div class=\"img-inner dark\" >\n\t\t\t<img loading=\"lazy\" decoding=\"async\" width=\"1162\" height=\"790\" src=\"https:\/\/perrobufo.com\/inicio\/wp-content\/uploads\/2022\/11\/undiacomohoy_0003_Roberto-del-Rio-web-29.jpg\" class=\"attachment-original size-original\" alt=\"\" srcset=\"https:\/\/perrobufo.com\/inicio\/wp-content\/uploads\/2022\/11\/undiacomohoy_0003_Roberto-del-Rio-web-29.jpg 1162w, https:\/\/perrobufo.com\/inicio\/wp-content\/uploads\/2022\/11\/undiacomohoy_0003_Roberto-del-Rio-web-29-300x204.jpg 300w, https:\/\/perrobufo.com\/inicio\/wp-content\/uploads\/2022\/11\/undiacomohoy_0003_Roberto-del-Rio-web-29-1024x696.jpg 1024w, https:\/\/perrobufo.com\/inicio\/wp-content\/uploads\/2022\/11\/undiacomohoy_0003_Roberto-del-Rio-web-29-768x522.jpg 768w\" sizes=\"auto, (max-width: 1162px) 100vw, 1162px\" \/>\t\t\t\t\t\t\n\t\t\t\t\t<\/div>\n\t\t\t\t\t\t\t\t\n<style>\n#image_1087183548 {\n  width: 100%;\n}\n<\/style>\n\t<\/div>\n\t\n\n\t<div class=\"img has-hover x md-x lg-x y md-y lg-y\" id=\"image_1728877198\">\n\t\t\t\t\t\t\t\t<div class=\"img-inner dark\" >\n\t\t\t<img loading=\"lazy\" decoding=\"async\" width=\"1162\" height=\"790\" src=\"https:\/\/perrobufo.com\/inicio\/wp-content\/uploads\/2022\/11\/undiacomohoy_0001_Roberto-del-Rio-web-32.jpg\" class=\"attachment-original size-original\" alt=\"\" srcset=\"https:\/\/perrobufo.com\/inicio\/wp-content\/uploads\/2022\/11\/undiacomohoy_0001_Roberto-del-Rio-web-32.jpg 1162w, https:\/\/perrobufo.com\/inicio\/wp-content\/uploads\/2022\/11\/undiacomohoy_0001_Roberto-del-Rio-web-32-300x204.jpg 300w, https:\/\/perrobufo.com\/inicio\/wp-content\/uploads\/2022\/11\/undiacomohoy_0001_Roberto-del-Rio-web-32-1024x696.jpg 1024w, https:\/\/perrobufo.com\/inicio\/wp-content\/uploads\/2022\/11\/undiacomohoy_0001_Roberto-del-Rio-web-32-768x522.jpg 768w\" sizes=\"auto, (max-width: 1162px) 100vw, 1162px\" \/>\t\t\t\t\t\t\n\t\t\t\t\t<\/div>\n\t\t\t\t\t\t\t\t\n<style>\n#image_1728877198 {\n  width: 100%;\n}\n<\/style>\n\t<\/div>\n\t\n\n\t<div class=\"img has-hover x md-x lg-x y md-y lg-y\" id=\"image_540311467\">\n\t\t\t\t\t\t\t\t<div class=\"img-inner dark\" >\n\t\t\t<img loading=\"lazy\" decoding=\"async\" width=\"1162\" height=\"790\" src=\"https:\/\/perrobufo.com\/inicio\/wp-content\/uploads\/2022\/11\/undiacomohoy_0000s_0001_Un-dia-como-hoy-6-2.jpg\" class=\"attachment-original size-original\" alt=\"\" srcset=\"https:\/\/perrobufo.com\/inicio\/wp-content\/uploads\/2022\/11\/undiacomohoy_0000s_0001_Un-dia-como-hoy-6-2.jpg 1162w, https:\/\/perrobufo.com\/inicio\/wp-content\/uploads\/2022\/11\/undiacomohoy_0000s_0001_Un-dia-como-hoy-6-2-300x204.jpg 300w, https:\/\/perrobufo.com\/inicio\/wp-content\/uploads\/2022\/11\/undiacomohoy_0000s_0001_Un-dia-como-hoy-6-2-1024x696.jpg 1024w, https:\/\/perrobufo.com\/inicio\/wp-content\/uploads\/2022\/11\/undiacomohoy_0000s_0001_Un-dia-como-hoy-6-2-768x522.jpg 768w\" sizes=\"auto, (max-width: 1162px) 100vw, 1162px\" \/>\t\t\t\t\t\t\n\t\t\t\t\t<\/div>\n\t\t\t\t\t\t\t\t\n<style>\n#image_540311467 {\n  width: 100%;\n}\n<\/style>\n\t<\/div>\n\t\n\n\t<div class=\"img has-hover x md-x lg-x y md-y lg-y\" id=\"image_1533377959\">\n\t\t\t\t\t\t\t\t<div class=\"img-inner dark\" >\n\t\t\t<img loading=\"lazy\" decoding=\"async\" width=\"1162\" height=\"790\" src=\"https:\/\/perrobufo.com\/inicio\/wp-content\/uploads\/2022\/11\/undiacomohoy_0000s_0006_Roberto-del-Rio-web-24.jpg\" class=\"attachment-original size-original\" alt=\"\" srcset=\"https:\/\/perrobufo.com\/inicio\/wp-content\/uploads\/2022\/11\/undiacomohoy_0000s_0006_Roberto-del-Rio-web-24.jpg 1162w, https:\/\/perrobufo.com\/inicio\/wp-content\/uploads\/2022\/11\/undiacomohoy_0000s_0006_Roberto-del-Rio-web-24-300x204.jpg 300w, https:\/\/perrobufo.com\/inicio\/wp-content\/uploads\/2022\/11\/undiacomohoy_0000s_0006_Roberto-del-Rio-web-24-1024x696.jpg 1024w, https:\/\/perrobufo.com\/inicio\/wp-content\/uploads\/2022\/11\/undiacomohoy_0000s_0006_Roberto-del-Rio-web-24-768x522.jpg 768w\" sizes=\"auto, (max-width: 1162px) 100vw, 1162px\" \/>\t\t\t\t\t\t\n\t\t\t\t\t<\/div>\n\t\t\t\t\t\t\t\t\n<style>\n#image_1533377959 {\n  width: 100%;\n}\n<\/style>\n\t<\/div>\n\t\n\n\t<div class=\"img has-hover x md-x lg-x y md-y lg-y\" id=\"image_1320761580\">\n\t\t\t\t\t\t\t\t<div class=\"img-inner dark\" >\n\t\t\t<img loading=\"lazy\" decoding=\"async\" width=\"1162\" height=\"790\" src=\"https:\/\/perrobufo.com\/inicio\/wp-content\/uploads\/2022\/11\/undiacomohoy_0000s_0002_96293250_3200718459958471_4886044139839291392_n.jpg\" class=\"attachment-original size-original\" alt=\"\" srcset=\"https:\/\/perrobufo.com\/inicio\/wp-content\/uploads\/2022\/11\/undiacomohoy_0000s_0002_96293250_3200718459958471_4886044139839291392_n.jpg 1162w, https:\/\/perrobufo.com\/inicio\/wp-content\/uploads\/2022\/11\/undiacomohoy_0000s_0002_96293250_3200718459958471_4886044139839291392_n-300x204.jpg 300w, https:\/\/perrobufo.com\/inicio\/wp-content\/uploads\/2022\/11\/undiacomohoy_0000s_0002_96293250_3200718459958471_4886044139839291392_n-1024x696.jpg 1024w, https:\/\/perrobufo.com\/inicio\/wp-content\/uploads\/2022\/11\/undiacomohoy_0000s_0002_96293250_3200718459958471_4886044139839291392_n-768x522.jpg 768w\" sizes=\"auto, (max-width: 1162px) 100vw, 1162px\" \/>\t\t\t\t\t\t\n\t\t\t\t\t<\/div>\n\t\t\t\t\t\t\t\t\n<style>\n#image_1320761580 {\n  width: 100%;\n}\n<\/style>\n\t<\/div>\n\t\n\n\t<div class=\"img has-hover x md-x lg-x y md-y lg-y\" id=\"image_2007525442\">\n\t\t\t\t\t\t\t\t<div class=\"img-inner dark\" >\n\t\t\t<img loading=\"lazy\" decoding=\"async\" width=\"1162\" height=\"790\" src=\"https:\/\/perrobufo.com\/inicio\/wp-content\/uploads\/2022\/11\/undiacomohoy_0000_Roberto-del-Rio-web-43.jpg\" class=\"attachment-original size-original\" alt=\"\" srcset=\"https:\/\/perrobufo.com\/inicio\/wp-content\/uploads\/2022\/11\/undiacomohoy_0000_Roberto-del-Rio-web-43.jpg 1162w, https:\/\/perrobufo.com\/inicio\/wp-content\/uploads\/2022\/11\/undiacomohoy_0000_Roberto-del-Rio-web-43-300x204.jpg 300w, https:\/\/perrobufo.com\/inicio\/wp-content\/uploads\/2022\/11\/undiacomohoy_0000_Roberto-del-Rio-web-43-1024x696.jpg 1024w, https:\/\/perrobufo.com\/inicio\/wp-content\/uploads\/2022\/11\/undiacomohoy_0000_Roberto-del-Rio-web-43-768x522.jpg 768w\" sizes=\"auto, (max-width: 1162px) 100vw, 1162px\" \/>\t\t\t\t\t\t\n\t\t\t\t\t<\/div>\n\t\t\t\t\t\t\t\t\n<style>\n#image_2007525442 {\n  width: 100%;\n}\n<\/style>\n\t<\/div>\n\t\n\n\t<div class=\"img has-hover x md-x lg-x y md-y lg-y\" id=\"image_14787137\">\n\t\t\t\t\t\t\t\t<div class=\"img-inner dark\" >\n\t\t\t<img loading=\"lazy\" decoding=\"async\" width=\"1162\" height=\"790\" src=\"https:\/\/perrobufo.com\/inicio\/wp-content\/uploads\/2022\/11\/undiacomohoy_0000s_0007_Roberto-del-Rio-web-57.jpg\" class=\"attachment-original size-original\" alt=\"\" srcset=\"https:\/\/perrobufo.com\/inicio\/wp-content\/uploads\/2022\/11\/undiacomohoy_0000s_0007_Roberto-del-Rio-web-57.jpg 1162w, https:\/\/perrobufo.com\/inicio\/wp-content\/uploads\/2022\/11\/undiacomohoy_0000s_0007_Roberto-del-Rio-web-57-300x204.jpg 300w, https:\/\/perrobufo.com\/inicio\/wp-content\/uploads\/2022\/11\/undiacomohoy_0000s_0007_Roberto-del-Rio-web-57-1024x696.jpg 1024w, https:\/\/perrobufo.com\/inicio\/wp-content\/uploads\/2022\/11\/undiacomohoy_0000s_0007_Roberto-del-Rio-web-57-768x522.jpg 768w\" sizes=\"auto, (max-width: 1162px) 100vw, 1162px\" \/>\t\t\t\t\t\t\n\t\t\t\t\t<\/div>\n\t\t\t\t\t\t\t\t\n<style>\n#image_14787137 {\n  width: 100%;\n}\n<\/style>\n\t<\/div>\n\t\n\n\n     <\/div>\n\n     <div class=\"loading-spin dark large centered\"><\/div>\n\n     \t<\/div>\n\n\n\n\t\t<\/div>\n\t\t\t\t\t<\/div>\n\n\t\n\n<\/div>\n\t<div id=\"gap-1892676734\" class=\"gap-element clearfix\" style=\"display:block; height:auto;\">\n\t\t\n<style>\n#gap-1892676734 {\n  padding-top: 57px;\n}\n<\/style>\n\t<\/div>\n\t\n\n<div class=\"row align-center\"  id=\"row-71958812\">\n\n\n\t<div id=\"col-817653204\" class=\"col medium-8 small-12 large-8\"  >\n\t\t\t\t<div class=\"col-inner\"  >\n\t\t\t\n\t\t\t\n\n<h2 class=\"uppercase\"><span style=\"color: #2d2e82;\"><strong>FICHA ART\u00cdSTICA<br \/><\/strong><\/span><\/h2>\n<p><span style=\"color: #1a40ab;\"><strong> Direcci\u00f3n<\/strong>: Gonzalo Ruiz <br \/><\/span><span style=\"color: #1a40ab;\"><strong>Dramaturgia<\/strong>: Carmen Gloria S\u00e1nchez <br \/><strong>Elenco<\/strong>: Carmen Gloria S\u00e1nchez, Rodrigo Valenzuela, Sebasti\u00e1n Moya y Juan Cabrera <br \/><strong>Dise\u00f1o integral<\/strong>: Eduardo Jim\u00e9nez <br \/><strong>Realizaci\u00f3n escenogr\u00e1fica<\/strong>: Eduardo Jim\u00e9nez, Juan Cabrera y Carlos Rivera <strong>Iluminaci\u00f3n y sonido<\/strong>: Gonzalo Ruiz <br \/><strong>Producci\u00f3n<\/strong>: Camila P\u00e9rez <br \/><strong>M\u00fasica<\/strong>: Carlos Canales <br \/><strong>Realizaci\u00f3n de vestuario<\/strong>: Mayerling Fuentealba <br \/><strong>Registro audiovisual<\/strong>: La Jardinera Producciones <br \/><strong>Dise\u00f1o gr\u00e1fico<\/strong>: Karine Hurtado \u2013 Drina Herrera <br \/><strong>Ilustraciones<\/strong>: Valentina San Juan Prensa y difusi\u00f3n: Marcela Pi\u00f1a<br \/><\/span><\/p>\n\n\t\t<\/div>\n\t\t\t\t\t<\/div>\n\n\t\n\n<\/div>\n\t<div id=\"gap-1029201061\" class=\"gap-element clearfix\" style=\"display:block; height:auto;\">\n\t\t\n<style>\n#gap-1029201061 {\n  padding-top: 57px;\n}\n<\/style>\n\t<\/div>\n\t\n\n<div class=\"row\"  id=\"row-767379751\">\n\n\n\t<div id=\"col-1639814407\" class=\"col medium-4 small-12 large-4\"  >\n\t\t\t\t<div class=\"col-inner text-right\"  >\n\t\t\t\n\t\t\t\n\n<a rel=\"noopener noreferrer\" href=\"https:\/\/perrobufo.com\/inicio\/wp-content\/uploads\/2022\/12\/Dossier-_Un-dia-como-hoy_.pdf\" target=\"_blank\" class=\"button secondary\"  style=\"border-radius:10px;padding:0px 30px 0px 30px;\">\n    <span>Dossier<\/span>\n  <\/a>\n\n\n\n\t\t<\/div>\n\t\t\t\t\t<\/div>\n\n\t\n\n\t<div id=\"col-1582159206\" class=\"col medium-4 small-12 large-4\"  >\n\t\t\t\t<div class=\"col-inner text-center\"  >\n\t\t\t\n\t\t\t\n\n<a rel=\"noopener noreferrer\" href=\"https:\/\/youtu.be\/bfetC_LVvD8\" target=\"_blank\" class=\"button secondary\"  style=\"border-radius:10px;padding:0px 30px 0px 30px;\">\n  <i class=\"icon-youtube\" aria-hidden=\"true\" ><\/i>  <span>Trailer<\/span>\n  <\/a>\n\n\n\n\t\t<\/div>\n\t\t\t\t\n<style>\n#col-1582159206 > .col-inner {\n  margin: 0px 0px 0px 0px;\n}\n<\/style>\n\t<\/div>\n\n\t\n\n\t<div id=\"col-138366385\" class=\"col medium-4 small-12 large-4\"  >\n\t\t\t\t<div class=\"col-inner text-left\"  >\n\t\t\t\n\t\t\t\n\n<a rel=\"noopener noreferrer\" href=\"https:\/\/perrobufo.com\/inicio\/wp-content\/uploads\/2022\/11\/prensa-undiacomohoy-1.pdf\" target=\"_blank\" class=\"button secondary\"  style=\"border-radius:10px;padding:0px 30px 0px 30px;\">\n    <span>prensa<\/span>\n  <\/a>\n\n\n\n\t\t<\/div>\n\t\t\t\t\t<\/div>\n\n\t\n\n<\/div>\n\t<div id=\"gap-1621966964\" class=\"gap-element clearfix\" style=\"display:block; height:auto;\">\n\t\t\n<style>\n#gap-1621966964 {\n  padding-top: 57px;\n}\n<\/style>\n\t<\/div>\n\t\n\n\n","protected":false},"excerpt":{"rendered":"","protected":false},"author":1,"featured_media":0,"parent":0,"menu_order":0,"comment_status":"closed","ping_status":"closed","template":"page-blank.php","meta":{"footnotes":""},"class_list":["post-661","page","type-page","status-publish","hentry"],"_links":{"self":[{"href":"https:\/\/perrobufo.com\/inicio\/wp-json\/wp\/v2\/pages\/661","targetHints":{"allow":["GET"]}}],"collection":[{"href":"https:\/\/perrobufo.com\/inicio\/wp-json\/wp\/v2\/pages"}],"about":[{"href":"https:\/\/perrobufo.com\/inicio\/wp-json\/wp\/v2\/types\/page"}],"author":[{"embeddable":true,"href":"https:\/\/perrobufo.com\/inicio\/wp-json\/wp\/v2\/users\/1"}],"replies":[{"embeddable":true,"href":"https:\/\/perrobufo.com\/inicio\/wp-json\/wp\/v2\/comments?post=661"}],"version-history":[{"count":14,"href":"https:\/\/perrobufo.com\/inicio\/wp-json\/wp\/v2\/pages\/661\/revisions"}],"predecessor-version":[{"id":1222,"href":"https:\/\/perrobufo.com\/inicio\/wp-json\/wp\/v2\/pages\/661\/revisions\/1222"}],"wp:attachment":[{"href":"https:\/\/perrobufo.com\/inicio\/wp-json\/wp\/v2\/media?parent=661"}],"curies":[{"name":"wp","href":"https:\/\/api.w.org\/{rel}","templated":true}]}}