{"id":244,"date":"2022-11-11T02:31:40","date_gmt":"2022-11-11T02:31:40","guid":{"rendered":"https:\/\/perrobufo.com\/inicio\/?page_id=244"},"modified":"2022-11-28T01:00:11","modified_gmt":"2022-11-28T01:00:11","slug":"giras","status":"publish","type":"page","link":"https:\/\/perrobufo.com\/inicio\/giras\/","title":{"rendered":"Giras"},"content":{"rendered":"\n\t<div class=\"img has-hover x md-x lg-x y md-y lg-y\" id=\"image_3005997\">\n\t\t\t\t\t\t\t\t<div class=\"img-inner dark\" >\n\t\t\t<img loading=\"lazy\" decoding=\"async\" width=\"1280\" height=\"803\" src=\"https:\/\/perrobufo.com\/inicio\/wp-content\/uploads\/2022\/11\/giras.jpg\" class=\"attachment-original size-original\" alt=\"\" srcset=\"https:\/\/perrobufo.com\/inicio\/wp-content\/uploads\/2022\/11\/giras.jpg 1280w, https:\/\/perrobufo.com\/inicio\/wp-content\/uploads\/2022\/11\/giras-300x188.jpg 300w, https:\/\/perrobufo.com\/inicio\/wp-content\/uploads\/2022\/11\/giras-1024x642.jpg 1024w, https:\/\/perrobufo.com\/inicio\/wp-content\/uploads\/2022\/11\/giras-768x482.jpg 768w\" sizes=\"auto, (max-width: 1280px) 100vw, 1280px\" \/>\t\t\t\t\t\t\n\t\t\t\t\t<\/div>\n\t\t\t\t\t\t\t\t\n<style>\n#image_3005997 {\n  width: 100%;\n}\n<\/style>\n\t<\/div>\n\t\n\n\t<div id=\"gap-192980516\" class=\"gap-element clearfix\" style=\"display:block; height:auto;\">\n\t\t\n<style>\n#gap-192980516 {\n  padding-top: 30px;\n}\n<\/style>\n\t<\/div>\n\t\n\n<div class=\"row\"  id=\"row-621786217\">\n\n\n\t<div id=\"col-1991962670\" class=\"col medium-9 small-12 large-9\"  >\n\t\t\t\t<div class=\"col-inner\"  >\n\t\t\t\n\t\t\t\n\n\t<div id=\"text-3746514344\" class=\"text\">\n\t\t\n\n<h2><strong><span style=\"font-size: 180%;\">GIRAS<\/span><\/strong><\/h2>\n\t\t\n<style>\n#text-3746514344 {\n  color: rgb(45, 46, 130);\n}\n#text-3746514344 > * {\n  color: rgb(45, 46, 130);\n}\n<\/style>\n\t<\/div>\n\t\n\n\t\t<\/div>\n\t\t\t\t\t<\/div>\n\n\t\n\n<\/div>\n\t<section class=\"section\" id=\"section_608211395\">\n\t\t<div class=\"bg section-bg fill bg-fill  bg-loaded\" >\n\n\t\t\t\n\t\t\t\n\t\t\t\n\n\t\t<\/div>\n\n\t\t\n\n\t\t<div class=\"section-content relative\">\n\t\t\t\n\n<div class=\"row align-center\"  id=\"row-293947309\">\n\n\n\t<div id=\"col-1882430108\" class=\"col medium-9 small-12 large-9\"  >\n\t\t\t\t<div class=\"col-inner\"  >\n\t\t\t\n\t\t\t\n\n<div class=\"row row-collapse align-equal\"  id=\"row-844990733\">\n\n\n\t<div id=\"col-993261221\" class=\"col medium-2 small-12 large-2 small-col-first\"  >\n\t\t\t\t<div class=\"col-inner\"  >\n\t\t\t\n\t<div class=\"is-border\"\n\t\tstyle=\"border-color:rgba(107, 142, 221, 0.605);border-width:0px 4px 0px 0px;margin:42px 49% 0px 0px;\">\n\t<\/div>\n\t\t\t\n\n\n\t\t<div class=\"icon-box featured-box icon-box-center text-center is-xsmall\"  >\n\t\t\t\t\t<div class=\"icon-box-img has-icon-bg\" style=\"width: 44px\">\n\t\t\t\t<div class=\"icon\">\n\t\t\t\t\t<div class=\"icon-inner\" style=\"border-width:2px;color:rgb(19, 74, 228);\">\n\t\t\t\t\t\t<svg id=\"Capa_1\" data-name=\"Capa 1\" xmlns=\"http:\/\/www.w3.org\/2000\/svg\" viewBox=\"0 0 297 297\"><defs><style>.cls-1{fill:#fff;}<\/style><\/defs><title>canvas_blanco4<\/title><circle class=\"cls-1\" cx=\"148.5\" cy=\"148.5\" r=\"148.5\"\/><\/svg>\t\t\t\t\t<\/div>\n\t\t\t\t<\/div>\n\t\t\t<\/div>\n\t\t\t\t<div class=\"icon-box-text last-reset\">\n\t\t\t\t\t\t\t\t\t\n\n\t<div id=\"gap-1890871338\" class=\"gap-element clearfix hidden\" style=\"display:block; height:auto;\">\n\t\t\n<style>\n#gap-1890871338 {\n  padding-top: 30px;\n}\n<\/style>\n\t<\/div>\n\t\n\n\n\t\t<\/div>\n\t<\/div>\n\t\n\t\n\n\t\t<\/div>\n\t\t\t\t\t<\/div>\n\n\t\n\n\t<div id=\"col-1913438093\" class=\"col medium-7 small-12 large-7\"  data-animate=\"bounceInUp\">\n\t\t\t\t<div class=\"col-inner\"  >\n\t\t\t\n\t\t\t\n\n<div class=\"row row-collapse\"  id=\"row-1734595762\">\n\n\n\t<div id=\"col-465203026\" class=\"col small-12 large-12\"  >\n\t\t\t\t<div class=\"col-inner dark\"  >\n\t\t\t\n\t\t\t\n\n\t<div id=\"text-1030780686\" class=\"text\">\n\t\t\n\n<h2>2022 - MITOS QUE SANAN EL ALMA<\/h2>\n\t\t\n<style>\n#text-1030780686 {\n  color: #1a40ab;\n}\n#text-1030780686 > * {\n  color: #1a40ab;\n}\n<\/style>\n\t<\/div>\n\t\n<p><span style=\"color: #1a40ab;\">Barcelona, Espa\u00f1a<br \/><\/span><\/p>\n\n\n\r\n\t<div class=\"paoc-image-popup\">\r\n\t\t<a class=\"paoc-popup-click paoc-popup-cust-983 paoc-popup-image paoc-popup-image\" href=\"javascript:void(0);\"><img decoding=\"async\" class=\"popupaoc-img\" src=\"https:\/\/perrobufo.com\/inicio\/wp-content\/uploads\/2022\/11\/Captura-de-pantalla-2022-11-27-a-las-10.28.08-p.m..png\" alt=\"\" \/><\/a>\r\n\r\n\t\t\t<\/div>\r\n\r\n\n\n\n\t\t<\/div>\n\t\t\t\t\t<\/div>\n\n\t\n\n\n<style>\n#row-1734595762 > .col > .col-inner {\n  padding: 10px 20px 2px 20px;\n}\n<\/style>\n<\/div>\n\n\t\t<\/div>\n\t\t\t\t\n<style>\n#col-1913438093 > .col-inner {\n  margin: 0px 0px 25px 0px;\n}\n<\/style>\n\t<\/div>\n\n\t\n\n<\/div>\n<div class=\"row row-collapse align-equal\"  id=\"row-409674943\">\n\n\n\t<div id=\"col-2136717003\" class=\"col medium-2 small-12 large-2 small-col-first\"  >\n\t\t\t\t<div class=\"col-inner\"  >\n\t\t\t\n\t<div class=\"is-border\"\n\t\tstyle=\"border-color:rgba(107, 142, 221, 0.605);border-width:0px 4px 0px 0px;margin:42px 49% -1px 0px;\">\n\t<\/div>\n\t\t\t\n\n\n\t\t<div class=\"icon-box featured-box icon-box-center text-center is-xsmall\"  >\n\t\t\t\t\t<div class=\"icon-box-img has-icon-bg\" style=\"width: 44px\">\n\t\t\t\t<div class=\"icon\">\n\t\t\t\t\t<div class=\"icon-inner\" style=\"border-width:2px;color:rgb(19, 74, 228);\">\n\t\t\t\t\t\t<svg id=\"Capa_1\" data-name=\"Capa 1\" xmlns=\"http:\/\/www.w3.org\/2000\/svg\" viewBox=\"0 0 297 297\"><defs><style>.cls-1{fill:#fff;}<\/style><\/defs><title>canvas_blanco4<\/title><circle class=\"cls-1\" cx=\"148.5\" cy=\"148.5\" r=\"148.5\"\/><\/svg>\t\t\t\t\t<\/div>\n\t\t\t\t<\/div>\n\t\t\t<\/div>\n\t\t\t\t<div class=\"icon-box-text last-reset\">\n\t\t\t\t\t\t\t\t\t\n\n\t<div id=\"gap-682840702\" class=\"gap-element clearfix hidden\" style=\"display:block; height:auto;\">\n\t\t\n<style>\n#gap-682840702 {\n  padding-top: 30px;\n}\n<\/style>\n\t<\/div>\n\t\n\n\n\t\t<\/div>\n\t<\/div>\n\t\n\t\n\n\t\t<\/div>\n\t\t\t\t\t<\/div>\n\n\t\n\n\t<div id=\"col-1896385156\" class=\"col medium-7 small-12 large-7\"  data-animate=\"bounceInUp\">\n\t\t\t\t<div class=\"col-inner\"  >\n\t\t\t\n\t\t\t\n\n<div class=\"row row-collapse\"  id=\"row-768250347\">\n\n\n\t<div id=\"col-87891937\" class=\"col small-12 large-12\"  >\n\t\t\t\t<div class=\"col-inner dark\"  >\n\t\t\t\n\t\t\t\n\n\t<div id=\"text-2196926074\" class=\"text\">\n\t\t\n\n<h2>2020-2021 - ESTACI\u00d3N PERROBUFO VUELA POR CHILE<\/h2>\n\t\t\n<style>\n#text-2196926074 {\n  color: #1a40ab;\n}\n#text-2196926074 > * {\n  color: #1a40ab;\n}\n<\/style>\n\t<\/div>\n\t\n<p><span style=\"color: #1a40ab;\">Arica-Calama-Graneros-Santiago, Chile<br \/><\/span><\/p>\n<a rel=\"noopener noreferrer\" href=\"https:\/\/youtu.be\/WabLRJkJaS8\" target=\"_blank\" class=\"button primary is-outline\"  style=\"border-radius:10px;\">\n  <i class=\"icon-youtube\" aria-hidden=\"true\" ><\/i>  <span>Ver teaser<\/span>\n  <\/a>\n\n\n\n\t\t<\/div>\n\t\t\t\t\t<\/div>\n\n\t\n\n\n<style>\n#row-768250347 > .col > .col-inner {\n  padding: 10px 20px 2px 20px;\n}\n<\/style>\n<\/div>\n\n\t\t<\/div>\n\t\t\t\t\n<style>\n#col-1896385156 > .col-inner {\n  margin: 0px 0px 25px 0px;\n}\n<\/style>\n\t<\/div>\n\n\t\n\n<\/div>\n<div class=\"row row-collapse align-equal\"  id=\"row-2103543029\">\n\n\n\t<div id=\"col-2138510850\" class=\"col medium-2 small-12 large-2 small-col-first\"  >\n\t\t\t\t<div class=\"col-inner\"  >\n\t\t\t\n\t<div class=\"is-border\"\n\t\tstyle=\"border-color:rgba(107, 142, 221, 0.605);border-width:0px 4px 0px 0px;margin:42px 49% -1px 0px;\">\n\t<\/div>\n\t\t\t\n\n\n\t\t<div class=\"icon-box featured-box icon-box-center text-center is-xsmall\"  >\n\t\t\t\t\t<div class=\"icon-box-img has-icon-bg\" style=\"width: 44px\">\n\t\t\t\t<div class=\"icon\">\n\t\t\t\t\t<div class=\"icon-inner\" style=\"border-width:2px;color:rgb(19, 74, 228);\">\n\t\t\t\t\t\t<svg id=\"Capa_1\" data-name=\"Capa 1\" xmlns=\"http:\/\/www.w3.org\/2000\/svg\" viewBox=\"0 0 297 297\"><defs><style>.cls-1{fill:#fff;}<\/style><\/defs><title>canvas_blanco4<\/title><circle class=\"cls-1\" cx=\"148.5\" cy=\"148.5\" r=\"148.5\"\/><\/svg>\t\t\t\t\t<\/div>\n\t\t\t\t<\/div>\n\t\t\t<\/div>\n\t\t\t\t<div class=\"icon-box-text last-reset\">\n\t\t\t\t\t\t\t\t\t\n\n\t<div id=\"gap-540184663\" class=\"gap-element clearfix hidden\" style=\"display:block; height:auto;\">\n\t\t\n<style>\n#gap-540184663 {\n  padding-top: 30px;\n}\n<\/style>\n\t<\/div>\n\t\n\n\n\t\t<\/div>\n\t<\/div>\n\t\n\t\n\n\t\t<\/div>\n\t\t\t\t\t<\/div>\n\n\t\n\n\t<div id=\"col-953313310\" class=\"col medium-7 small-12 large-7\"  data-animate=\"bounceInUp\">\n\t\t\t\t<div class=\"col-inner\"  >\n\t\t\t\n\t\t\t\n\n<div class=\"row row-collapse\"  id=\"row-2034518111\">\n\n\n\t<div id=\"col-1530562485\" class=\"col small-12 large-12\"  >\n\t\t\t\t<div class=\"col-inner dark\"  >\n\t\t\t\n\t\t\t\n\n\t<div id=\"text-4074060862\" class=\"text\">\n\t\t\n\n<h2>2019 - AMOR POR T\u00cd<\/h2>\n\t\t\n<style>\n#text-4074060862 {\n  color: #1a40ab;\n}\n#text-4074060862 > * {\n  color: #1a40ab;\n}\n<\/style>\n\t<\/div>\n\t\n<p><span style=\"color: #1a40ab;\">Regi\u00f3n Metropolitana, Chile<br \/><\/span><\/p>\n<a rel=\"noopener noreferrer\" href=\"https:\/\/youtu.be\/aM6gD7U5vCw\" target=\"_blank\" class=\"button primary is-outline\"  style=\"border-radius:10px;\">\n  <i class=\"icon-youtube\" aria-hidden=\"true\" ><\/i>  <span>Ver teaser<\/span>\n  <\/a>\n\n\n\n\t\t<\/div>\n\t\t\t\t\t<\/div>\n\n\t\n\n\n<style>\n#row-2034518111 > .col > .col-inner {\n  padding: 10px 20px 2px 20px;\n}\n<\/style>\n<\/div>\n\n\t\t<\/div>\n\t\t\t\t\n<style>\n#col-953313310 > .col-inner {\n  margin: 0px 0px 25px 0px;\n}\n<\/style>\n\t<\/div>\n\n\t\n\n<\/div>\n<div class=\"row row-collapse align-equal\"  id=\"row-646723043\">\n\n\n\t<div id=\"col-829903309\" class=\"col medium-2 small-12 large-2 small-col-first\"  >\n\t\t\t\t<div class=\"col-inner\"  >\n\t\t\t\n\t<div class=\"is-border\"\n\t\tstyle=\"border-color:rgba(107, 142, 221, 0.605);border-width:0px 4px 0px 0px;margin:42px 49% -1px 0px;\">\n\t<\/div>\n\t\t\t\n\n\n\t\t<div class=\"icon-box featured-box icon-box-center text-center is-xsmall\"  >\n\t\t\t\t\t<div class=\"icon-box-img has-icon-bg\" style=\"width: 44px\">\n\t\t\t\t<div class=\"icon\">\n\t\t\t\t\t<div class=\"icon-inner\" style=\"border-width:2px;color:rgb(19, 74, 228);\">\n\t\t\t\t\t\t<svg id=\"Capa_1\" data-name=\"Capa 1\" xmlns=\"http:\/\/www.w3.org\/2000\/svg\" viewBox=\"0 0 297 297\"><defs><style>.cls-1{fill:#fff;}<\/style><\/defs><title>canvas_blanco4<\/title><circle class=\"cls-1\" cx=\"148.5\" cy=\"148.5\" r=\"148.5\"\/><\/svg>\t\t\t\t\t<\/div>\n\t\t\t\t<\/div>\n\t\t\t<\/div>\n\t\t\t\t<div class=\"icon-box-text last-reset\">\n\t\t\t\t\t\t\t\t\t\n\n\t<div id=\"gap-1403282430\" class=\"gap-element clearfix hidden\" style=\"display:block; height:auto;\">\n\t\t\n<style>\n#gap-1403282430 {\n  padding-top: 30px;\n}\n<\/style>\n\t<\/div>\n\t\n\n\n\t\t<\/div>\n\t<\/div>\n\t\n\t\n\n\t\t<\/div>\n\t\t\t\t\t<\/div>\n\n\t\n\n\t<div id=\"col-294518969\" class=\"col medium-7 small-12 large-7\"  data-animate=\"bounceInUp\">\n\t\t\t\t<div class=\"col-inner\"  >\n\t\t\t\n\t\t\t\n\n<div class=\"row row-collapse\"  id=\"row-1949283931\">\n\n\n\t<div id=\"col-372744214\" class=\"col small-12 large-12\"  >\n\t\t\t\t<div class=\"col-inner dark\"  >\n\t\t\t\n\t\t\t\n\n\t<div id=\"text-648407694\" class=\"text\">\n\t\t\n\n<h2>2019 - UN D\u00cdA COMO HOY<\/h2>\n\t\t\n<style>\n#text-648407694 {\n  color: #1a40ab;\n}\n#text-648407694 > * {\n  color: #1a40ab;\n}\n<\/style>\n\t<\/div>\n\t\n<p><span style=\"color: #1a40ab;\">Rosario, Argentina<br \/><\/span><\/p>\n<a rel=\"noopener noreferrer\" href=\"https:\/\/youtu.be\/oE3LzHbWr7M\" target=\"_blank\" class=\"button primary is-outline\"  style=\"border-radius:10px;\">\n  <i class=\"icon-youtube\" aria-hidden=\"true\" ><\/i>  <span>Ver teaser<\/span>\n  <\/a>\n\n\n\n\t\t<\/div>\n\t\t\t\t\t<\/div>\n\n\t\n\n\n<style>\n#row-1949283931 > .col > .col-inner {\n  padding: 10px 20px 2px 20px;\n}\n<\/style>\n<\/div>\n\n\t\t<\/div>\n\t\t\t\t\n<style>\n#col-294518969 > .col-inner {\n  margin: 0px 0px 25px 0px;\n}\n<\/style>\n\t<\/div>\n\n\t\n\n<\/div>\n<div class=\"row row-collapse align-equal\"  id=\"row-2109763138\">\n\n\n\t<div id=\"col-755559351\" class=\"col medium-2 small-12 large-2 small-col-first\"  >\n\t\t\t\t<div class=\"col-inner\"  >\n\t\t\t\n\t<div class=\"is-border\"\n\t\tstyle=\"border-color:rgba(107, 142, 221, 0.605);border-width:0px 4px 0px 0px;margin:42px 49% -1px 0px;\">\n\t<\/div>\n\t\t\t\n\n\n\t\t<div class=\"icon-box featured-box icon-box-center text-center is-xsmall\"  >\n\t\t\t\t\t<div class=\"icon-box-img has-icon-bg\" style=\"width: 44px\">\n\t\t\t\t<div class=\"icon\">\n\t\t\t\t\t<div class=\"icon-inner\" style=\"border-width:2px;color:rgb(19, 74, 228);\">\n\t\t\t\t\t\t<svg id=\"Capa_1\" data-name=\"Capa 1\" xmlns=\"http:\/\/www.w3.org\/2000\/svg\" viewBox=\"0 0 297 297\"><defs><style>.cls-1{fill:#fff;}<\/style><\/defs><title>canvas_blanco4<\/title><circle class=\"cls-1\" cx=\"148.5\" cy=\"148.5\" r=\"148.5\"\/><\/svg>\t\t\t\t\t<\/div>\n\t\t\t\t<\/div>\n\t\t\t<\/div>\n\t\t\t\t<div class=\"icon-box-text last-reset\">\n\t\t\t\t\t\t\t\t\t\n\n\t<div id=\"gap-789461497\" class=\"gap-element clearfix hidden\" style=\"display:block; height:auto;\">\n\t\t\n<style>\n#gap-789461497 {\n  padding-top: 30px;\n}\n<\/style>\n\t<\/div>\n\t\n\n\n\t\t<\/div>\n\t<\/div>\n\t\n\t\n\n\t\t<\/div>\n\t\t\t\t\t<\/div>\n\n\t\n\n\t<div id=\"col-2059922212\" class=\"col medium-7 small-12 large-7\"  data-animate=\"bounceInUp\">\n\t\t\t\t<div class=\"col-inner\"  >\n\t\t\t\n\t\t\t\n\n<div class=\"row row-collapse\"  id=\"row-1758499919\">\n\n\n\t<div id=\"col-1779966008\" class=\"col small-12 large-12\"  >\n\t\t\t\t<div class=\"col-inner dark\"  >\n\t\t\t\n\t\t\t\n\n\t<div id=\"text-3412390458\" class=\"text\">\n\t\t\n\n<h2>2018 - UN D\u00cdA COMO HOY<\/h2>\n\t\t\n<style>\n#text-3412390458 {\n  color: #1a40ab;\n}\n#text-3412390458 > * {\n  color: #1a40ab;\n}\n<\/style>\n\t<\/div>\n\t\n<p><span style=\"color: #1a40ab;\">Regi\u00f3n Metropolitana, Chile<br \/><\/span><\/p>\n<a rel=\"noopener noreferrer\" href=\"https:\/\/youtu.be\/F2ckRnv7YrY\" target=\"_blank\" class=\"button primary is-outline\"  style=\"border-radius:10px;\">\n  <i class=\"icon-youtube\" aria-hidden=\"true\" ><\/i>  <span>Ver teaser<\/span>\n  <\/a>\n\n\n\n\t\t<\/div>\n\t\t\t\t\t<\/div>\n\n\t\n\n\n<style>\n#row-1758499919 > .col > .col-inner {\n  padding: 10px 20px 2px 20px;\n}\n<\/style>\n<\/div>\n\n\t\t<\/div>\n\t\t\t\t\n<style>\n#col-2059922212 > .col-inner {\n  margin: 0px 0px 25px 0px;\n}\n<\/style>\n\t<\/div>\n\n\t\n\n<\/div>\n<div class=\"row row-collapse align-equal\"  id=\"row-637455106\">\n\n\n\t<div id=\"col-262142940\" class=\"col medium-2 small-12 large-2 small-col-first\"  >\n\t\t\t\t<div class=\"col-inner\"  >\n\t\t\t\n\t<div class=\"is-border\"\n\t\tstyle=\"border-color:rgba(107, 142, 221, 0.605);border-width:0px 4px 0px 0px;margin:42px 49% -1px 0px;\">\n\t<\/div>\n\t\t\t\n\n\n\t\t<div class=\"icon-box featured-box icon-box-center text-center is-xsmall\"  >\n\t\t\t\t\t<div class=\"icon-box-img has-icon-bg\" style=\"width: 44px\">\n\t\t\t\t<div class=\"icon\">\n\t\t\t\t\t<div class=\"icon-inner\" style=\"border-width:2px;color:rgb(19, 74, 228);\">\n\t\t\t\t\t\t<svg id=\"Capa_1\" data-name=\"Capa 1\" xmlns=\"http:\/\/www.w3.org\/2000\/svg\" viewBox=\"0 0 297 297\"><defs><style>.cls-1{fill:#fff;}<\/style><\/defs><title>canvas_blanco4<\/title><circle class=\"cls-1\" cx=\"148.5\" cy=\"148.5\" r=\"148.5\"\/><\/svg>\t\t\t\t\t<\/div>\n\t\t\t\t<\/div>\n\t\t\t<\/div>\n\t\t\t\t<div class=\"icon-box-text last-reset\">\n\t\t\t\t\t\t\t\t\t\n\n\t<div id=\"gap-301752190\" class=\"gap-element clearfix hidden\" style=\"display:block; height:auto;\">\n\t\t\n<style>\n#gap-301752190 {\n  padding-top: 30px;\n}\n<\/style>\n\t<\/div>\n\t\n\n\n\t\t<\/div>\n\t<\/div>\n\t\n\t\n\n\t\t<\/div>\n\t\t\t\t\t<\/div>\n\n\t\n\n\t<div id=\"col-845210703\" class=\"col medium-7 small-12 large-7\"  data-animate=\"bounceInUp\">\n\t\t\t\t<div class=\"col-inner\"  >\n\t\t\t\n\t\t\t\n\n<div class=\"row row-collapse\"  id=\"row-1551450165\">\n\n\n\t<div id=\"col-947619993\" class=\"col small-12 large-12\"  >\n\t\t\t\t<div class=\"col-inner dark\"  >\n\t\t\t\n\t\t\t\n\n\t<div id=\"text-3862565204\" class=\"text\">\n\t\t\n\n<h2>2018 - MITOS QUE SANAN EL ALMA<\/h2>\n\t\t\n<style>\n#text-3862565204 {\n  color: #1a40ab;\n}\n#text-3862565204 > * {\n  color: #1a40ab;\n}\n<\/style>\n\t<\/div>\n\t\n<p><span style=\"color: #1a40ab;\">Iquique, Antofagasta, La Serena, Coquimbo, Ovalle, Temuco, Santiago, Chile<br \/><\/span><\/p>\n<a rel=\"noopener noreferrer\" href=\"https:\/\/youtu.be\/MmaUVFE7G3k\" target=\"_blank\" class=\"button primary is-outline\"  style=\"border-radius:10px;\">\n  <i class=\"icon-youtube\" aria-hidden=\"true\" ><\/i>  <span>Ver teaser<\/span>\n  <\/a>\n\n\n\n\t\t<\/div>\n\t\t\t\t\t<\/div>\n\n\t\n\n\n<style>\n#row-1551450165 > .col > .col-inner {\n  padding: 10px 20px 2px 20px;\n}\n<\/style>\n<\/div>\n\n\t\t<\/div>\n\t\t\t\t\n<style>\n#col-845210703 > .col-inner {\n  margin: 0px 0px 25px 0px;\n}\n<\/style>\n\t<\/div>\n\n\t\n\n<\/div>\n<div class=\"row row-collapse align-equal\"  id=\"row-862105485\">\n\n\n\t<div id=\"col-1326987631\" class=\"col medium-2 small-12 large-2 small-col-first\"  >\n\t\t\t\t<div class=\"col-inner\"  >\n\t\t\t\n\t<div class=\"is-border\"\n\t\tstyle=\"border-color:rgba(107, 142, 221, 0.605);border-width:0px 4px 0px 0px;margin:42px 49% -1px 0px;\">\n\t<\/div>\n\t\t\t\n\n\n\t\t<div class=\"icon-box featured-box icon-box-center text-center is-xsmall\"  >\n\t\t\t\t\t<div class=\"icon-box-img has-icon-bg\" style=\"width: 44px\">\n\t\t\t\t<div class=\"icon\">\n\t\t\t\t\t<div class=\"icon-inner\" style=\"border-width:2px;color:rgb(19, 74, 228);\">\n\t\t\t\t\t\t<svg id=\"Capa_1\" data-name=\"Capa 1\" xmlns=\"http:\/\/www.w3.org\/2000\/svg\" viewBox=\"0 0 297 297\"><defs><style>.cls-1{fill:#fff;}<\/style><\/defs><title>canvas_blanco4<\/title><circle class=\"cls-1\" cx=\"148.5\" cy=\"148.5\" r=\"148.5\"\/><\/svg>\t\t\t\t\t<\/div>\n\t\t\t\t<\/div>\n\t\t\t<\/div>\n\t\t\t\t<div class=\"icon-box-text last-reset\">\n\t\t\t\t\t\t\t\t\t\n\n\t<div id=\"gap-679254683\" class=\"gap-element clearfix hidden\" style=\"display:block; height:auto;\">\n\t\t\n<style>\n#gap-679254683 {\n  padding-top: 30px;\n}\n<\/style>\n\t<\/div>\n\t\n\n\n\t\t<\/div>\n\t<\/div>\n\t\n\t\n\n\t\t<\/div>\n\t\t\t\t\t<\/div>\n\n\t\n\n\t<div id=\"col-912772773\" class=\"col medium-7 small-12 large-7\"  data-animate=\"bounceInUp\">\n\t\t\t\t<div class=\"col-inner\"  >\n\t\t\t\n\t\t\t\n\n<div class=\"row row-collapse\"  id=\"row-1866881469\">\n\n\n\t<div id=\"col-1091900594\" class=\"col small-12 large-12\"  >\n\t\t\t\t<div class=\"col-inner dark\"  >\n\t\t\t\n\t\t\t\n\n\t<div id=\"text-2187566557\" class=\"text\">\n\t\t\n\n<h2>2017 - MITOS QUE SANAN EL ALMA<\/h2>\n\t\t\n<style>\n#text-2187566557 {\n  color: #1a40ab;\n}\n#text-2187566557 > * {\n  color: #1a40ab;\n}\n<\/style>\n\t<\/div>\n\t\n<p><span style=\"color: #1a40ab;\">Isla de Pascua, Vi\u00f1a del Mar, Valpara\u00edso, Chait\u00e9n, Palena, Chile<br \/><\/span><\/p>\n<a rel=\"noopener noreferrer\" href=\"https:\/\/youtu.be\/BE4vkJPEpWI\" target=\"_blank\" class=\"button primary is-outline\"  style=\"border-radius:10px;\">\n  <i class=\"icon-youtube\" aria-hidden=\"true\" ><\/i>  <span>Ver teaser<\/span>\n  <\/a>\n\n\n\n\t\t<\/div>\n\t\t\t\t\t<\/div>\n\n\t\n\n\n<style>\n#row-1866881469 > .col > .col-inner {\n  padding: 10px 20px 2px 20px;\n}\n<\/style>\n<\/div>\n\n\t\t<\/div>\n\t\t\t\t\n<style>\n#col-912772773 > .col-inner {\n  margin: 0px 0px 25px 0px;\n}\n<\/style>\n\t<\/div>\n\n\t\n\n<\/div>\n<div class=\"row row-collapse align-equal\"  id=\"row-1192706324\">\n\n\n\t<div id=\"col-1227005391\" class=\"col medium-2 small-12 large-2 small-col-first\"  >\n\t\t\t\t<div class=\"col-inner\"  >\n\t\t\t\n\t<div class=\"is-border\"\n\t\tstyle=\"border-color:rgba(107, 142, 221, 0.605);border-width:0px 4px 0px 0px;margin:42px 49% -1px 0px;\">\n\t<\/div>\n\t\t\t\n\n\n\t\t<div class=\"icon-box featured-box icon-box-center text-center is-xsmall\"  >\n\t\t\t\t\t<div class=\"icon-box-img has-icon-bg\" style=\"width: 44px\">\n\t\t\t\t<div class=\"icon\">\n\t\t\t\t\t<div class=\"icon-inner\" style=\"border-width:2px;color:rgb(19, 74, 228);\">\n\t\t\t\t\t\t<svg id=\"Capa_1\" data-name=\"Capa 1\" xmlns=\"http:\/\/www.w3.org\/2000\/svg\" viewBox=\"0 0 297 297\"><defs><style>.cls-1{fill:#fff;}<\/style><\/defs><title>canvas_blanco4<\/title><circle class=\"cls-1\" cx=\"148.5\" cy=\"148.5\" r=\"148.5\"\/><\/svg>\t\t\t\t\t<\/div>\n\t\t\t\t<\/div>\n\t\t\t<\/div>\n\t\t\t\t<div class=\"icon-box-text last-reset\">\n\t\t\t\t\t\t\t\t\t\n\n\t<div id=\"gap-1902198338\" class=\"gap-element clearfix hidden\" style=\"display:block; height:auto;\">\n\t\t\n<style>\n#gap-1902198338 {\n  padding-top: 30px;\n}\n<\/style>\n\t<\/div>\n\t\n\n\n\t\t<\/div>\n\t<\/div>\n\t\n\t\n\n\t\t<\/div>\n\t\t\t\t\t<\/div>\n\n\t\n\n\t<div id=\"col-2079376606\" class=\"col medium-7 small-12 large-7\"  data-animate=\"bounceInUp\">\n\t\t\t\t<div class=\"col-inner\"  >\n\t\t\t\n\t\t\t\n\n<div class=\"row row-collapse\"  id=\"row-1872134882\">\n\n\n\t<div id=\"col-302400685\" class=\"col small-12 large-12\"  >\n\t\t\t\t<div class=\"col-inner dark\"  >\n\t\t\t\n\t\t\t\n\n\t<div id=\"text-3153555945\" class=\"text\">\n\t\t\n\n<h2>2016 - MITOS QUE SANAN EL ALMA<\/h2>\n\t\t\n<style>\n#text-3153555945 {\n  color: #1a40ab;\n}\n#text-3153555945 > * {\n  color: #1a40ab;\n}\n<\/style>\n\t<\/div>\n\t\n<p><span style=\"color: #1a40ab;\">Regi\u00f3n Metropolitana, Chile<br \/><\/span><\/p>\n<a rel=\"noopener noreferrer\" href=\"https:\/\/youtu.be\/oz-SczXd4C8\" target=\"_blank\" class=\"button primary is-outline\"  style=\"border-radius:10px;\">\n  <i class=\"icon-youtube\" aria-hidden=\"true\" ><\/i>  <span>Ver teaser<\/span>\n  <\/a>\n\n\n\n\t\t<\/div>\n\t\t\t\t\t<\/div>\n\n\t\n\n\n<style>\n#row-1872134882 > .col > .col-inner {\n  padding: 10px 20px 2px 20px;\n}\n<\/style>\n<\/div>\n\n\t\t<\/div>\n\t\t\t\t\n<style>\n#col-2079376606 > .col-inner {\n  margin: 0px 0px 25px 0px;\n}\n<\/style>\n\t<\/div>\n\n\t\n\n<\/div>\n<div class=\"row row-collapse align-equal\"  id=\"row-2125277727\">\n\n\n\t<div id=\"col-949926149\" class=\"col medium-2 small-12 large-2 small-col-first\"  >\n\t\t\t\t<div class=\"col-inner\"  >\n\t\t\t\n\t<div class=\"is-border\"\n\t\tstyle=\"border-color:rgba(107, 142, 221, 0.605);border-width:0px 4px 0px 0px;margin:42px 49% -1px 0px;\">\n\t<\/div>\n\t\t\t\n\n\n\t\t<div class=\"icon-box featured-box icon-box-center text-center is-xsmall\"  >\n\t\t\t\t\t<div class=\"icon-box-img has-icon-bg\" style=\"width: 44px\">\n\t\t\t\t<div class=\"icon\">\n\t\t\t\t\t<div class=\"icon-inner\" style=\"border-width:2px;color:rgb(19, 74, 228);\">\n\t\t\t\t\t\t<svg id=\"Capa_1\" data-name=\"Capa 1\" xmlns=\"http:\/\/www.w3.org\/2000\/svg\" viewBox=\"0 0 297 297\"><defs><style>.cls-1{fill:#fff;}<\/style><\/defs><title>canvas_blanco4<\/title><circle class=\"cls-1\" cx=\"148.5\" cy=\"148.5\" r=\"148.5\"\/><\/svg>\t\t\t\t\t<\/div>\n\t\t\t\t<\/div>\n\t\t\t<\/div>\n\t\t\t\t<div class=\"icon-box-text last-reset\">\n\t\t\t\t\t\t\t\t\t\n\n\t<div id=\"gap-1774557592\" class=\"gap-element clearfix hidden\" style=\"display:block; height:auto;\">\n\t\t\n<style>\n#gap-1774557592 {\n  padding-top: 30px;\n}\n<\/style>\n\t<\/div>\n\t\n\n\n\t\t<\/div>\n\t<\/div>\n\t\n\t\n\n\t\t<\/div>\n\t\t\t\t\t<\/div>\n\n\t\n\n\t<div id=\"col-501598495\" class=\"col medium-7 small-12 large-7\"  data-animate=\"bounceInUp\">\n\t\t\t\t<div class=\"col-inner\"  >\n\t\t\t\n\t\t\t\n\n<div class=\"row row-collapse\"  id=\"row-291416273\">\n\n\n\t<div id=\"col-1524758131\" class=\"col small-12 large-12\"  >\n\t\t\t\t<div class=\"col-inner dark\"  >\n\t\t\t\n\t\t\t\n\n\t<div id=\"text-3651617231\" class=\"text\">\n\t\t\n\n<h2>2014 - EL ALMA DE CHILE<\/h2>\n\t\t\n<style>\n#text-3651617231 {\n  color: #1a40ab;\n}\n#text-3651617231 > * {\n  color: #1a40ab;\n}\n<\/style>\n\t<\/div>\n\t\n<p><span style=\"color: #1a40ab;\">Mazatl\u00e1n, M\u00e9xico<br \/><\/span><\/p>\n<a rel=\"noopener noreferrer\" href=\"https:\/\/youtu.be\/Ytxaf8fEWxw\" target=\"_blank\" class=\"button primary is-outline\"  style=\"border-radius:10px;\">\n  <i class=\"icon-youtube\" aria-hidden=\"true\" ><\/i>  <span>Ver teaser<\/span>\n  <\/a>\n\n\n\n\t\t<\/div>\n\t\t\t\t\t<\/div>\n\n\t\n\n\n<style>\n#row-291416273 > .col > .col-inner {\n  padding: 10px 20px 2px 20px;\n}\n<\/style>\n<\/div>\n\n\t\t<\/div>\n\t\t\t\t\n<style>\n#col-501598495 > .col-inner {\n  margin: 0px 0px 25px 0px;\n}\n<\/style>\n\t<\/div>\n\n\t\n\n<\/div>\n\n\t\t<\/div>\n\t\t\t\t\t<\/div>\n\n\t\n\n<\/div>\n\n\t\t<\/div>\n\n\t\t\n<style>\n#section_608211395 {\n  padding-top: 30px;\n  padding-bottom: 30px;\n}\n#section_608211395 .ux-shape-divider--top svg {\n  height: 150px;\n  --divider-top-width: 100%;\n}\n#section_608211395 .ux-shape-divider--bottom svg {\n  height: 150px;\n  --divider-width: 100%;\n}\n<\/style>\n\t<\/section>\n\t\n\n\t<div id=\"gap-788769676\" class=\"gap-element clearfix\" style=\"display:block; height:auto;\">\n\t\t\n<style>\n#gap-788769676 {\n  padding-top: 60px;\n}\n<\/style>\n\t<\/div>\n\t\n\n\n\t<div id=\"gap-352814350\" class=\"gap-element clearfix\" style=\"display:block; height:auto;\">\n\t\t\n<style>\n#gap-352814350 {\n  padding-top: 57px;\n}\n<\/style>\n\t<\/div>\n\t\n\n\n","protected":false},"excerpt":{"rendered":"","protected":false},"author":1,"featured_media":0,"parent":0,"menu_order":0,"comment_status":"closed","ping_status":"closed","template":"page-blank.php","meta":{"footnotes":""},"class_list":["post-244","page","type-page","status-publish","hentry"],"_links":{"self":[{"href":"https:\/\/perrobufo.com\/inicio\/wp-json\/wp\/v2\/pages\/244","targetHints":{"allow":["GET"]}}],"collection":[{"href":"https:\/\/perrobufo.com\/inicio\/wp-json\/wp\/v2\/pages"}],"about":[{"href":"https:\/\/perrobufo.com\/inicio\/wp-json\/wp\/v2\/types\/page"}],"author":[{"embeddable":true,"href":"https:\/\/perrobufo.com\/inicio\/wp-json\/wp\/v2\/users\/1"}],"replies":[{"embeddable":true,"href":"https:\/\/perrobufo.com\/inicio\/wp-json\/wp\/v2\/comments?post=244"}],"version-history":[{"count":34,"href":"https:\/\/perrobufo.com\/inicio\/wp-json\/wp\/v2\/pages\/244\/revisions"}],"predecessor-version":[{"id":961,"href":"https:\/\/perrobufo.com\/inicio\/wp-json\/wp\/v2\/pages\/244\/revisions\/961"}],"wp:attachment":[{"href":"https:\/\/perrobufo.com\/inicio\/wp-json\/wp\/v2\/media?parent=244"}],"curies":[{"name":"wp","href":"https:\/\/api.w.org\/{rel}","templated":true}]}}