{"id":21,"date":"2022-11-10T20:11:45","date_gmt":"2022-11-10T20:11:45","guid":{"rendered":"https:\/\/perrobufo.com\/inicio\/?page_id=21"},"modified":"2022-11-29T02:10:10","modified_gmt":"2022-11-29T02:10:10","slug":"somos","status":"publish","type":"page","link":"https:\/\/perrobufo.com\/inicio\/somos\/","title":{"rendered":"Somos"},"content":{"rendered":"\n\t<div class=\"img has-hover x md-x lg-x y md-y lg-y\" id=\"image_401523524\">\n\t\t\t\t\t\t\t\t<div class=\"img-inner dark\" >\n\t\t\t<img loading=\"lazy\" decoding=\"async\" width=\"1280\" height=\"803\" src=\"https:\/\/perrobufo.com\/inicio\/wp-content\/uploads\/2022\/11\/fotosomos2.jpg\" class=\"attachment-original size-original\" alt=\"\" srcset=\"https:\/\/perrobufo.com\/inicio\/wp-content\/uploads\/2022\/11\/fotosomos2.jpg 1280w, https:\/\/perrobufo.com\/inicio\/wp-content\/uploads\/2022\/11\/fotosomos2-300x188.jpg 300w, https:\/\/perrobufo.com\/inicio\/wp-content\/uploads\/2022\/11\/fotosomos2-1024x642.jpg 1024w, https:\/\/perrobufo.com\/inicio\/wp-content\/uploads\/2022\/11\/fotosomos2-768x482.jpg 768w\" sizes=\"auto, (max-width: 1280px) 100vw, 1280px\" \/>\t\t\t\t\t\t\n\t\t\t\t\t<\/div>\n\t\t\t\t\t\t\t\t\n<style>\n#image_401523524 {\n  width: 100%;\n}\n<\/style>\n\t<\/div>\n\t\n\n\t<div id=\"gap-1267411094\" class=\"gap-element clearfix\" style=\"display:block; height:auto;\">\n\t\t\n<style>\n#gap-1267411094 {\n  padding-top: 30px;\n}\n<\/style>\n\t<\/div>\n\t\n\n<div class=\"row align-center\"  id=\"row-973253366\">\n\n\n\t<div id=\"col-457327633\" class=\"col medium-9 small-12 large-9\"  >\n\t\t\t\t<div class=\"col-inner text-left\"  >\n\t\t\t\n\t\t\t\n\n\t<div id=\"text-999023386\" class=\"text\">\n\t\t\n\n<h2><strong><span style=\"font-size: 180%;\">SOMOS PERRO BUFO<\/span><br \/><\/strong><\/h2>\n<h2><strong><span style=\"font-size: 100%;\">EL KILTRO RESILIENTE<\/span><\/strong><\/h2>\n\t\t\n<style>\n#text-999023386 {\n  line-height: 0.75;\n  color: rgb(45, 46, 130);\n}\n#text-999023386 > * {\n  color: rgb(45, 46, 130);\n}\n<\/style>\n\t<\/div>\n\t\n\t<div id=\"gap-704083278\" class=\"gap-element clearfix\" style=\"display:block; height:auto;\">\n\t\t\n<style>\n#gap-704083278 {\n  padding-top: 30px;\n}\n<\/style>\n\t<\/div>\n\t\n\n\t<div id=\"text-599773311\" class=\"text\">\n\t\t\n\n<p style=\"text-align: left;\">La <strong>Compa\u00f1\u00eda de Teatro de Animaci\u00f3n PERROBUFO<\/strong> nace un diciembre del 2012 en Santiago de Chile, dirigida por <strong>Carmen Gloria S\u00e1nchez Duque<\/strong> y <strong>Gonzalo Ruiz Mu\u00f1oz<\/strong>. A trav\u00e9s de la gran met\u00e1fora del viaje, contamos historias que conectan con el mundo on\u00edrico de la ni\u00f1ez y su compleja forma de ver lo simple.<\/p>\n<p style=\"text-align: left;\">Hoy, este perro picar\u00f3n, sigue patiperreando por el mundo, entregando arte por todas partes, conmoviendo y resignificando espacios y humanidades. Haciendo de su hogar, aquel lugar donde nuestra <strong>Medicina-Teatro-Educaci\u00f3n<\/strong> pueda entrar en acci\u00f3n.<\/p>\n\t\t\n<style>\n#text-599773311 {\n  text-align: left;\n  color: rgb(26, 64, 171);\n}\n#text-599773311 > * {\n  color: rgb(26, 64, 171);\n}\n<\/style>\n\t<\/div>\n\t\n\n\t\t<\/div>\n\t\t\t\t\t<\/div>\n\n\t\n\n\t<div id=\"col-8413436\" class=\"col medium-9 small-12 large-9\"  >\n\t\t\t\t<div class=\"col-inner text-center\"  >\n\t\t\t\n\t\t\t\n\n\t<div id=\"gap-1193368384\" class=\"gap-element clearfix\" style=\"display:block; height:auto;\">\n\t\t\n<style>\n#gap-1193368384 {\n  padding-top: 30px;\n}\n<\/style>\n\t<\/div>\n\t\n\n<div class=\"video video-fit mb\" style=\"padding-top:0px;\"><div style=\"width: 640px;\" class=\"wp-video\"><video class=\"wp-video-shortcode\" id=\"video-21-1\" width=\"640\" height=\"360\" preload=\"metadata\" controls=\"controls\"><source type=\"video\/mp4\" src=\"https:\/\/perrobufo.com\/site\/wp-content\/uploads\/2021\/09\/Estacion-PerroBufo-en-Arica-Region-de-Arica-y-Parinacota.-Medicina-Teatro-Educacion.-baja.mp4?_=1\" \/><a href=\"https:\/\/perrobufo.com\/site\/wp-content\/uploads\/2021\/09\/Estacion-PerroBufo-en-Arica-Region-de-Arica-y-Parinacota.-Medicina-Teatro-Educacion.-baja.mp4\">https:\/\/perrobufo.com\/site\/wp-content\/uploads\/2021\/09\/Estacion-PerroBufo-en-Arica-Region-de-Arica-y-Parinacota.-Medicina-Teatro-Educacion.-baja.mp4<\/a><\/video><\/div><\/div>\n\n\t<div id=\"gap-812001009\" class=\"gap-element clearfix\" style=\"display:block; height:auto;\">\n\t\t\n<style>\n#gap-812001009 {\n  padding-top: 30px;\n}\n<\/style>\n\t<\/div>\n\t\n\n\n\t\t<\/div>\n\t\t\t\t\t<\/div>\n\n\t\n\n<\/div>\n\t<section class=\"section\" id=\"section_1308380813\">\n\t\t<div class=\"bg section-bg fill bg-fill  bg-loaded\" >\n\n\t\t\t\t<div class=\"video-overlay no-click fill hide-for-medium\"><\/div>\n\t<video class=\"video-bg fill hide-for-medium\" preload playsinline autoplay\n\t\tmuted\t\tloop>\n\t\t<source src=\"https:\/\/www.perrobufo.com\/inicio\/wp-content\/uploads\/2022\/11\/somosvideo3.mp4\" type=\"video\/mp4\">\t<\/video>\n\n\t\t\t<div class=\"section-bg-overlay absolute fill\"><\/div>\n\t\t\t\n\n\t\t<\/div>\n\n\t\t\n\n\t\t<div class=\"section-content relative\">\n\t\t\t\n\n\t<div id=\"gap-280454163\" class=\"gap-element clearfix\" style=\"display:block; height:auto;\">\n\t\t\n<style>\n#gap-280454163 {\n  padding-top: 44px;\n}\n<\/style>\n\t<\/div>\n\t\n\n<div class=\"row align-middle align-center\"  id=\"row-1507530974\">\n\n\n\t<div id=\"col-1984014704\" class=\"col medium-9 small-12 large-9\"  >\n\t\t\t\t<div class=\"col-inner text-center\"  >\n\t\t\t\n\t\t\t\n\n\t<div id=\"text-2808615236\" class=\"text\">\n\t\t\n\n<p><span style=\"font-size: 110%;\">\u201cEnriquecer la educaci\u00f3n y la medicina formal, desde la experiencia del teatro de animaci\u00f3n, ha sido nuestra propuesta como <strong>PERROBUFO<\/strong>. Habitar el lenguaje de las formas animadas, nos ha permitido desarrollar experiencias art\u00edsticas multisensoriales, de breve duraci\u00f3n, en peque\u00f1os formatos, capaces de transformar espacios cotidianos en portales de fantas\u00eda, juego, conocimiento y contenci\u00f3n\u201d.<\/span><\/p>\n\t\t\n<style>\n#text-2808615236 {\n  font-size: 1.1rem;\n  text-align: center;\n  color: rgb(255,255,255);\n}\n#text-2808615236 > * {\n  color: rgb(255,255,255);\n}\n<\/style>\n\t<\/div>\n\t\n\n\t\t<\/div>\n\t\t\t\t\t<\/div>\n\n\t\n\n<\/div>\n\t<div id=\"gap-140066243\" class=\"gap-element clearfix\" style=\"display:block; height:auto;\">\n\t\t\n<style>\n#gap-140066243 {\n  padding-top: 27px;\n}\n<\/style>\n\t<\/div>\n\t\n\n\n\t\t<\/div>\n\n\t\t\n<style>\n#section_1308380813 {\n  padding-top: 30px;\n  padding-bottom: 30px;\n  min-height: 466px;\n}\n#section_1308380813 .section-bg-overlay {\n  background-color: rgba(0, 0, 0, 0.558);\n}\n#section_1308380813 .ux-shape-divider--top svg {\n  height: 150px;\n  --divider-top-width: 100%;\n}\n#section_1308380813 .ux-shape-divider--bottom svg {\n  height: 150px;\n  --divider-width: 100%;\n}\n<\/style>\n\t<\/section>\n\t\n\n\n","protected":false},"excerpt":{"rendered":"","protected":false},"author":1,"featured_media":0,"parent":0,"menu_order":0,"comment_status":"closed","ping_status":"closed","template":"page-blank.php","meta":{"footnotes":""},"class_list":["post-21","page","type-page","status-publish","hentry"],"_links":{"self":[{"href":"https:\/\/perrobufo.com\/inicio\/wp-json\/wp\/v2\/pages\/21","targetHints":{"allow":["GET"]}}],"collection":[{"href":"https:\/\/perrobufo.com\/inicio\/wp-json\/wp\/v2\/pages"}],"about":[{"href":"https:\/\/perrobufo.com\/inicio\/wp-json\/wp\/v2\/types\/page"}],"author":[{"embeddable":true,"href":"https:\/\/perrobufo.com\/inicio\/wp-json\/wp\/v2\/users\/1"}],"replies":[{"embeddable":true,"href":"https:\/\/perrobufo.com\/inicio\/wp-json\/wp\/v2\/comments?post=21"}],"version-history":[{"count":90,"href":"https:\/\/perrobufo.com\/inicio\/wp-json\/wp\/v2\/pages\/21\/revisions"}],"predecessor-version":[{"id":1192,"href":"https:\/\/perrobufo.com\/inicio\/wp-json\/wp\/v2\/pages\/21\/revisions\/1192"}],"wp:attachment":[{"href":"https:\/\/perrobufo.com\/inicio\/wp-json\/wp\/v2\/media?parent=21"}],"curies":[{"name":"wp","href":"https:\/\/api.w.org\/{rel}","templated":true}]}}