{"id":2,"date":"2022-11-10T19:26:23","date_gmt":"2022-11-10T19:26:23","guid":{"rendered":"https:\/\/perrobufo.com\/inicio\/?page_id=2"},"modified":"2022-12-13T18:47:59","modified_gmt":"2022-12-13T18:47:59","slug":"pagina-ejemplo","status":"publish","type":"page","link":"https:\/\/perrobufo.com\/inicio\/","title":{"rendered":"Perro Bufo"},"content":{"rendered":"\n<div class=\"slider-wrapper relative\" id=\"slider-221550459\" >\n    <div class=\"slider slider-nav-dots-simple slider-nav-simple slider-nav-normal slider-nav-light slider-style-normal\"\n        data-flickity-options='{\n            \"cellAlign\": \"center\",\n            \"imagesLoaded\": true,\n            \"lazyLoad\": 1,\n            \"freeScroll\": false,\n            \"wrapAround\": true,\n            \"autoPlay\": 2500,\n            \"pauseAutoPlayOnHover\" : false,\n            \"prevNextButtons\": true,\n            \"contain\" : true,\n            \"adaptiveHeight\" : true,\n            \"dragThreshold\" : 10,\n            \"percentPosition\": true,\n            \"pageDots\": false,\n            \"rightToLeft\": false,\n            \"draggable\": true,\n            \"selectedAttraction\": 0.1,\n            \"parallax\" : 0,\n            \"friction\": 0.6        }'\n        >\n        \n\n\t<div class=\"img has-hover x md-x lg-x y md-y lg-y\" id=\"image_537481382\">\n\t\t\t\t\t\t\t\t<div class=\"img-inner image-cover dark\" style=\"padding-top:450px;\">\n\t\t\t<img loading=\"lazy\" decoding=\"async\" width=\"1024\" height=\"576\" src=\"https:\/\/perrobufo.com\/inicio\/wp-content\/uploads\/2022\/11\/Portada-3-1024x576-1.jpg\" class=\"attachment-original size-original\" alt=\"\" srcset=\"https:\/\/perrobufo.com\/inicio\/wp-content\/uploads\/2022\/11\/Portada-3-1024x576-1.jpg 1024w, https:\/\/perrobufo.com\/inicio\/wp-content\/uploads\/2022\/11\/Portada-3-1024x576-1-300x169.jpg 300w, https:\/\/perrobufo.com\/inicio\/wp-content\/uploads\/2022\/11\/Portada-3-1024x576-1-768x432.jpg 768w\" sizes=\"auto, (max-width: 1024px) 100vw, 1024px\" \/>\t\t\t\t\t\t\n\t\t\t\t\t<\/div>\n\t\t\t\t\t\t\t\t\n<style>\n#image_537481382 {\n  width: 100%;\n}\n<\/style>\n\t<\/div>\n\t\n\n\t<div class=\"img has-hover x md-x lg-x y md-y lg-y\" id=\"image_410833752\">\n\t\t\t\t\t\t\t\t<div class=\"img-inner image-cover dark\" style=\"padding-top:450px;\">\n\t\t\t<img loading=\"lazy\" decoding=\"async\" width=\"1024\" height=\"683\" src=\"https:\/\/perrobufo.com\/inicio\/wp-content\/uploads\/2022\/11\/Amor-por-ti-Funciones-355-1024x683-1.jpg\" class=\"attachment-original size-original\" alt=\"\" srcset=\"https:\/\/perrobufo.com\/inicio\/wp-content\/uploads\/2022\/11\/Amor-por-ti-Funciones-355-1024x683-1.jpg 1024w, https:\/\/perrobufo.com\/inicio\/wp-content\/uploads\/2022\/11\/Amor-por-ti-Funciones-355-1024x683-1-300x200.jpg 300w, https:\/\/perrobufo.com\/inicio\/wp-content\/uploads\/2022\/11\/Amor-por-ti-Funciones-355-1024x683-1-768x512.jpg 768w\" sizes=\"auto, (max-width: 1024px) 100vw, 1024px\" \/>\t\t\t\t\t\t\n\t\t\t\t\t<\/div>\n\t\t\t\t\t\t\t\t\n<style>\n#image_410833752 {\n  width: 100%;\n}\n<\/style>\n\t<\/div>\n\t\n\n\t<div class=\"img has-hover x md-x lg-x y md-y lg-y\" id=\"image_317975187\">\n\t\t\t\t\t\t\t\t<div class=\"img-inner image-cover dark\" style=\"padding-top:450px;\">\n\t\t\t<img loading=\"lazy\" decoding=\"async\" width=\"1024\" height=\"683\" src=\"https:\/\/perrobufo.com\/inicio\/wp-content\/uploads\/2022\/11\/Amor-por-ti-ensayo-3-10-1024x683-1.jpg\" class=\"attachment-original size-original\" alt=\"\" srcset=\"https:\/\/perrobufo.com\/inicio\/wp-content\/uploads\/2022\/11\/Amor-por-ti-ensayo-3-10-1024x683-1.jpg 1024w, https:\/\/perrobufo.com\/inicio\/wp-content\/uploads\/2022\/11\/Amor-por-ti-ensayo-3-10-1024x683-1-300x200.jpg 300w, https:\/\/perrobufo.com\/inicio\/wp-content\/uploads\/2022\/11\/Amor-por-ti-ensayo-3-10-1024x683-1-768x512.jpg 768w\" sizes=\"auto, (max-width: 1024px) 100vw, 1024px\" \/>\t\t\t\t\t\t\n\t\t\t\t\t<\/div>\n\t\t\t\t\t\t\t\t\n<style>\n#image_317975187 {\n  width: 100%;\n}\n<\/style>\n\t<\/div>\n\t\n\n\t<div class=\"img has-hover x md-x lg-x y md-y lg-y\" id=\"image_1656557976\">\n\t\t\t\t\t\t\t\t<div class=\"img-inner image-cover dark\" style=\"padding-top:450px;\">\n\t\t\t<img loading=\"lazy\" decoding=\"async\" width=\"1024\" height=\"576\" src=\"https:\/\/perrobufo.com\/inicio\/wp-content\/uploads\/2022\/11\/Rompecabezas.jpg\" class=\"attachment-original size-original\" alt=\"\" srcset=\"https:\/\/perrobufo.com\/inicio\/wp-content\/uploads\/2022\/11\/Rompecabezas.jpg 1024w, https:\/\/perrobufo.com\/inicio\/wp-content\/uploads\/2022\/11\/Rompecabezas-300x169.jpg 300w, https:\/\/perrobufo.com\/inicio\/wp-content\/uploads\/2022\/11\/Rompecabezas-768x432.jpg 768w\" sizes=\"auto, (max-width: 1024px) 100vw, 1024px\" \/>\t\t\t\t\t\t\n\t\t\t\t\t<\/div>\n\t\t\t\t\t\t\t\t\n<style>\n#image_1656557976 {\n  width: 100%;\n}\n<\/style>\n\t<\/div>\n\t\n\n\t<div class=\"img has-hover x md-x lg-x y md-y lg-y\" id=\"image_1850588531\">\n\t\t\t\t\t\t\t\t<div class=\"img-inner image-cover dark\" style=\"padding-top:450px;\">\n\t\t\t<img loading=\"lazy\" decoding=\"async\" width=\"1024\" height=\"683\" src=\"https:\/\/perrobufo.com\/inicio\/wp-content\/uploads\/2022\/11\/rsz_machi-1024x683-1.jpg\" class=\"attachment-original size-original\" alt=\"\" srcset=\"https:\/\/perrobufo.com\/inicio\/wp-content\/uploads\/2022\/11\/rsz_machi-1024x683-1.jpg 1024w, https:\/\/perrobufo.com\/inicio\/wp-content\/uploads\/2022\/11\/rsz_machi-1024x683-1-300x200.jpg 300w, https:\/\/perrobufo.com\/inicio\/wp-content\/uploads\/2022\/11\/rsz_machi-1024x683-1-768x512.jpg 768w\" sizes=\"auto, (max-width: 1024px) 100vw, 1024px\" \/>\t\t\t\t\t\t\n\t\t\t\t\t<\/div>\n\t\t\t\t\t\t\t\t\n<style>\n#image_1850588531 {\n  width: 100%;\n}\n<\/style>\n\t<\/div>\n\t\n\n\n     <\/div>\n\n     <div class=\"loading-spin dark large centered\"><\/div>\n\n     \t<\/div>\n\n\n\t<div id=\"gap-1489080403\" class=\"gap-element clearfix\" style=\"display:block; height:auto;\">\n\t\t\n<style>\n#gap-1489080403 {\n  padding-top: 64px;\n}\n<\/style>\n\t<\/div>\n\t\n\n<div class=\"row row-large align-middle align-center\"  id=\"row-1366392718\">\n\n\n\t<div id=\"col-1696266236\" class=\"col medium-3 small-12 large-3\"  >\n\t\t\t\t<div class=\"col-inner\"  >\n\t\t\t\n\t\t\t\n\n\n\n\r\n\t<div class=\"paoc-image-popup\">\r\n\t\t<a class=\"paoc-popup-click paoc-popup-cust-478 paoc-popup-image paoc-popup-image\" href=\"javascript:void(0);\"><img decoding=\"async\" class=\"popupaoc-img\" src=\"https:\/\/perrobufo.com\/inicio\/wp-content\/uploads\/2022\/11\/icono3-300x300.jpg\" alt=\"\" \/><\/a>\r\n\r\n\t\t\t<\/div>\r\n\r\n\n\n\n\t\t<\/div>\n\t\t\t\t\t<\/div>\n\n\t\n\n\t<div id=\"col-1521943035\" class=\"col medium-3 small-12 large-3\"  >\n\t\t\t\t<div class=\"col-inner\"  >\n\t\t\t\n\t\t\t\n\n\n\n\r\n\t<div class=\"paoc-image-popup\">\r\n\t\t<a class=\"paoc-popup-click paoc-popup-cust-557 paoc-popup-image paoc-popup-image\" href=\"javascript:void(0);\"><img decoding=\"async\" class=\"popupaoc-img\" src=\"https:\/\/perrobufo.com\/inicio\/wp-content\/uploads\/2022\/11\/icono2-300x300.jpg\" alt=\"\" \/><\/a>\r\n\r\n\t\t\t<\/div>\r\n\r\n\n\n\n\t\t<\/div>\n\t\t\t\t\t<\/div>\n\n\t\n\n\t<div id=\"col-52485129\" class=\"col medium-3 small-12 large-3\"  >\n\t\t\t\t<div class=\"col-inner\"  >\n\t\t\t\n\t\t\t\n\n\n\n\r\n\t<div class=\"paoc-image-popup\">\r\n\t\t<a class=\"paoc-popup-click paoc-popup-cust-556 paoc-popup-image paoc-popup-image\" href=\"javascript:void(0);\"><img decoding=\"async\" class=\"popupaoc-img\" src=\"https:\/\/perrobufo.com\/inicio\/wp-content\/uploads\/2022\/11\/icono1-300x300.jpg\" alt=\"\" \/><\/a>\r\n\r\n\t\t\t<\/div>\r\n\r\n\n\n\n\t\t<\/div>\n\t\t\t\t\t<\/div>\n\n\t\n\n<\/div>\n\t<div id=\"gap-1032852642\" class=\"gap-element clearfix\" style=\"display:block; height:auto;\">\n\t\t\n<style>\n#gap-1032852642 {\n  padding-top: 31px;\n}\n<\/style>\n\t<\/div>\n\t\n\n\t<section class=\"section\" id=\"section_1374621434\">\n\t\t<div class=\"bg section-bg fill bg-fill  bg-loaded\" >\n\n\t\t\t\t<div class=\"video-overlay no-click fill visible\"><\/div>\n\t<video class=\"video-bg fill visible\" preload playsinline autoplay\n\t\tmuted\t\tloop>\n\t\t<source src=\"https:\/\/perrobufo.com\/inicio\/wp-content\/uploads\/2022\/11\/Teaser-RompeCabezas-baja.mp4\" type=\"video\/mp4\">\t<\/video>\n\n\t\t\t<div class=\"section-bg-overlay absolute fill\"><\/div>\n\t\t\t\n\n\t\t<\/div>\n\n\t\t\n\n\t\t<div class=\"section-content relative\">\n\t\t\t\n\n<div class=\"row align-center\"  id=\"row-1943373008\">\n\n\n\t<div id=\"col-1084292969\" class=\"col medium-9 small-12 large-9\"  >\n\t\t\t\t<div class=\"col-inner\"  >\n\t\t\t\n\t\t\t\n\n\t<div id=\"text-419569356\" class=\"text\">\n\t\t\n\n<p><span style=\"font-size: 110%;\">\u201cNuestro teatro de forma animadas se gesta desde la met\u00e1fora del viaje y la simbolog\u00eda de lo on\u00edrico. Con nuestra Medicina-Teatro-Educaci\u00f3n, buscamos hablarle al alma de nuestros espectadores a trav\u00e9s del encuentro con creaciones teatrales o audiovisuales que ocurren en lugares pocos convencionales para el teatro, transform\u00e1ndolos en espacios m\u00e1gicos llenos de poes\u00eda\u201d<\/span><\/p>\n\t\t\n<style>\n#text-419569356 {\n  font-size: 1.1rem;\n  text-align: center;\n  color: rgb(255, 255, 255);\n}\n#text-419569356 > * {\n  color: rgb(255, 255, 255);\n}\n<\/style>\n\t<\/div>\n\t\n\n\t\t<\/div>\n\t\t\t\t\t<\/div>\n\n\t\n\n\n<style>\n#row-1943373008 > .col > .col-inner {\n  padding: 30px 0px 0px 0px;\n}\n<\/style>\n<\/div>\n\n\t\t<\/div>\n\n\t\t\n<style>\n#section_1374621434 {\n  padding-top: 60px;\n  padding-bottom: 60px;\n  min-height: 300px;\n}\n#section_1374621434 .section-bg-overlay {\n  background-color: rgba(0, 0, 0, 0.622);\n}\n#section_1374621434 .ux-shape-divider--top svg {\n  height: 150px;\n  --divider-top-width: 100%;\n}\n#section_1374621434 .ux-shape-divider--bottom svg {\n  height: 150px;\n  --divider-width: 100%;\n}\n<\/style>\n\t<\/section>\n\t\n\t<div id=\"gap-1514284408\" class=\"gap-element clearfix\" style=\"display:block; height:auto;\">\n\t\t\n<style>\n#gap-1514284408 {\n  padding-top: 91px;\n}\n<\/style>\n\t<\/div>\n\t\n\n<div class=\"row\"  id=\"row-528944829\">\n\n\n\t<div id=\"col-218638156\" class=\"col small-12 large-12\"  >\n\t\t\t\t<div class=\"col-inner\"  >\n\t\t\t\n\t\t\t\n\n\t<div id=\"text-1084683369\" class=\"text\">\n\t\t\n\n<h2>OBRAS TEATRALES<\/h2>\n<hr \/>\n\t\t\n<style>\n#text-1084683369 {\n  text-align: center;\n  color: #1a40ab;\n}\n#text-1084683369 > * {\n  color: #1a40ab;\n}\n<\/style>\n\t<\/div>\n\t\n\n\t\t<\/div>\n\t\t\t\t\t<\/div>\n\n\t\n\n\t<div id=\"col-1960525937\" class=\"col medium-3 small-12 large-3\"  >\n\t\t\t\t<div class=\"col-inner\"  >\n\t\t\t\n\t\t\t\n\n\t<div class=\"box has-hover   has-hover box-text-bottom\" >\n\n\t\t<div class=\"box-image\" >\n\t\t\t<a href=\"https:\/\/perrobufo.com\/inicio\/amor-por-ti\/\"  >\t\t\t<div class=\"image-zoom\" >\n\t\t\t\t<img loading=\"lazy\" decoding=\"async\" width=\"348\" height=\"348\" src=\"https:\/\/perrobufo.com\/inicio\/wp-content\/uploads\/2022\/11\/cuadrados_0001_Amor-por-ti-.jpg\" class=\"attachment- size-\" alt=\"\" srcset=\"https:\/\/perrobufo.com\/inicio\/wp-content\/uploads\/2022\/11\/cuadrados_0001_Amor-por-ti-.jpg 348w, https:\/\/perrobufo.com\/inicio\/wp-content\/uploads\/2022\/11\/cuadrados_0001_Amor-por-ti--300x300.jpg 300w, https:\/\/perrobufo.com\/inicio\/wp-content\/uploads\/2022\/11\/cuadrados_0001_Amor-por-ti--150x150.jpg 150w\" sizes=\"auto, (max-width: 348px) 100vw, 348px\" \/>\t\t\t\t\t\t\t\t\t\t\t<\/div>\n\t\t\t<\/a>\t\t<\/div>\n\n\t\t<div class=\"box-text text-center\" style=\"background-color:rgb(233, 222, 204);\">\n\t\t\t<div class=\"box-text-inner\">\n\t\t\t\t\n\n\t<div id=\"text-512069829\" class=\"text\">\n\t\t\n\n<h2>AMOR <br \/>POR T\u00cd<\/h2>\n\t\t\n<style>\n#text-512069829 {\n  font-size: 1rem;\n  text-align: center;\n  color: #1a40ab;\n}\n#text-512069829 > * {\n  color: #1a40ab;\n}\n<\/style>\n\t<\/div>\n\t\n\n\t\t\t<\/div>\n\t\t<\/div>\n\t<\/div>\n\t\n\t<div id=\"gap-532748849\" class=\"gap-element clearfix\" style=\"display:block; height:auto;\">\n\t\t\n<style>\n#gap-532748849 {\n  padding-top: 8px;\n}\n<\/style>\n\t<\/div>\n\t\n\n\n\t\t<\/div>\n\t\t\t\t\t<\/div>\n\n\t\n\n\t<div id=\"col-1973410306\" class=\"col medium-3 small-12 large-3\"  >\n\t\t\t\t<div class=\"col-inner\"  >\n\t\t\t\n\t\t\t\n\n\t<div class=\"box has-hover   has-hover box-text-bottom\" >\n\n\t\t<div class=\"box-image\" >\n\t\t\t<a href=\"https:\/\/perrobufo.com\/inicio\/un-dia-como-hoy\/\"  >\t\t\t<div class=\"image-zoom\" >\n\t\t\t\t<img loading=\"lazy\" decoding=\"async\" width=\"348\" height=\"348\" src=\"https:\/\/perrobufo.com\/inicio\/wp-content\/uploads\/2022\/11\/foto3.jpg\" class=\"attachment- size-\" alt=\"\" srcset=\"https:\/\/perrobufo.com\/inicio\/wp-content\/uploads\/2022\/11\/foto3.jpg 348w, https:\/\/perrobufo.com\/inicio\/wp-content\/uploads\/2022\/11\/foto3-300x300.jpg 300w, https:\/\/perrobufo.com\/inicio\/wp-content\/uploads\/2022\/11\/foto3-150x150.jpg 150w\" sizes=\"auto, (max-width: 348px) 100vw, 348px\" \/>\t\t\t\t\t\t\t\t\t\t\t<\/div>\n\t\t\t<\/a>\t\t<\/div>\n\n\t\t<div class=\"box-text text-center\" style=\"background-color:rgb(233, 222, 204);\">\n\t\t\t<div class=\"box-text-inner\">\n\t\t\t\t\n\n\t<div id=\"text-1593035681\" class=\"text\">\n\t\t\n\n<h2>UN D\u00cdA <br \/>COMO HOY<\/h2>\n\t\t\n<style>\n#text-1593035681 {\n  font-size: 1rem;\n  text-align: center;\n  color: #1a40ab;\n}\n#text-1593035681 > * {\n  color: #1a40ab;\n}\n<\/style>\n\t<\/div>\n\t\n\n\t\t\t<\/div>\n\t\t<\/div>\n\t<\/div>\n\t\n\n\t\t<\/div>\n\t\t\t\t\t<\/div>\n\n\t\n\n\t<div id=\"col-75087325\" class=\"col medium-3 small-12 large-3\"  >\n\t\t\t\t<div class=\"col-inner\"  >\n\t\t\t\n\t\t\t\n\n\t<div class=\"box has-hover   has-hover box-text-bottom\" >\n\n\t\t<div class=\"box-image\" >\n\t\t\t<a href=\"https:\/\/perrobufo.com\/inicio\/mitos-que-sanan-el-alma\/\"  >\t\t\t<div class=\"image-zoom\" >\n\t\t\t\t<img loading=\"lazy\" decoding=\"async\" width=\"348\" height=\"348\" src=\"https:\/\/perrobufo.com\/inicio\/wp-content\/uploads\/2022\/11\/cuadrados_0000_Mitos.jpg\" class=\"attachment- size-\" alt=\"\" srcset=\"https:\/\/perrobufo.com\/inicio\/wp-content\/uploads\/2022\/11\/cuadrados_0000_Mitos.jpg 348w, https:\/\/perrobufo.com\/inicio\/wp-content\/uploads\/2022\/11\/cuadrados_0000_Mitos-300x300.jpg 300w, https:\/\/perrobufo.com\/inicio\/wp-content\/uploads\/2022\/11\/cuadrados_0000_Mitos-150x150.jpg 150w\" sizes=\"auto, (max-width: 348px) 100vw, 348px\" \/>\t\t\t\t\t\t\t\t\t\t\t<\/div>\n\t\t\t<\/a>\t\t<\/div>\n\n\t\t<div class=\"box-text text-center\" style=\"background-color:rgb(233, 222, 204);\">\n\t\t\t<div class=\"box-text-inner\">\n\t\t\t\t\n\n\t<div id=\"text-1759724312\" class=\"text\">\n\t\t\n\n<h2>MITOS QUE SANAN <br \/>EL ALMA<\/h2>\n\t\t\n<style>\n#text-1759724312 {\n  font-size: 1rem;\n  text-align: center;\n  color: #1a40ab;\n}\n#text-1759724312 > * {\n  color: #1a40ab;\n}\n<\/style>\n\t<\/div>\n\t\n\n\t\t\t<\/div>\n\t\t<\/div>\n\t<\/div>\n\t\n\n\t\t<\/div>\n\t\t\t\t\t<\/div>\n\n\t\n\n\t<div id=\"col-1671574780\" class=\"col medium-3 small-12 large-3\"  >\n\t\t\t\t<div class=\"col-inner\"  >\n\t\t\t\n\t\t\t\n\n\t<div class=\"box has-hover   has-hover box-text-bottom\" >\n\n\t\t<div class=\"box-image\" >\n\t\t\t<a href=\"https:\/\/perrobufo.com\/inicio\/el-alma-de-chile\"  >\t\t\t<div class=\"image-zoom\" >\n\t\t\t\t<img loading=\"lazy\" decoding=\"async\" width=\"348\" height=\"348\" src=\"https:\/\/perrobufo.com\/inicio\/wp-content\/uploads\/2022\/11\/fotomontana2.jpg\" class=\"attachment-original size-original\" alt=\"\" srcset=\"https:\/\/perrobufo.com\/inicio\/wp-content\/uploads\/2022\/11\/fotomontana2.jpg 348w, https:\/\/perrobufo.com\/inicio\/wp-content\/uploads\/2022\/11\/fotomontana2-300x300.jpg 300w, https:\/\/perrobufo.com\/inicio\/wp-content\/uploads\/2022\/11\/fotomontana2-150x150.jpg 150w\" sizes=\"auto, (max-width: 348px) 100vw, 348px\" \/>\t\t\t\t\t\t\t\t\t\t\t<\/div>\n\t\t\t<\/a>\t\t<\/div>\n\n\t\t<div class=\"box-text text-center\" style=\"background-color:rgb(233, 222, 204);\">\n\t\t\t<div class=\"box-text-inner\">\n\t\t\t\t\n\n\t<div id=\"text-1502774744\" class=\"text\">\n\t\t\n\n<h2>EL ALMA <br \/>DE CHILE<\/h2>\n\t\t\n<style>\n#text-1502774744 {\n  font-size: 1rem;\n  text-align: center;\n  color: #1a40ab;\n}\n#text-1502774744 > * {\n  color: #1a40ab;\n}\n<\/style>\n\t<\/div>\n\t\n\n\t\t\t<\/div>\n\t\t<\/div>\n\t<\/div>\n\t\n\n\t\t<\/div>\n\t\t\t\t\t<\/div>\n\n\t\n\n<\/div>\n\t<div id=\"gap-1522601668\" class=\"gap-element clearfix\" style=\"display:block; height:auto;\">\n\t\t\n<style>\n#gap-1522601668 {\n  padding-top: 34px;\n}\n<\/style>\n\t<\/div>\n\t\n\n<div class=\"row align-center\"  id=\"row-1416169487\">\n\n\n\t<div id=\"col-884427386\" class=\"col small-12 large-12\"  >\n\t\t\t\t<div class=\"col-inner\"  >\n\t\t\t\n\t\t\t\n\n\t<div id=\"text-2765647692\" class=\"text\">\n\t\t\n\n<h2>PIEZAS AUDIOVISUALES<\/h2>\n<hr \/>\n\t\t\n<style>\n#text-2765647692 {\n  text-align: center;\n  color: #1a40ab;\n}\n#text-2765647692 > * {\n  color: #1a40ab;\n}\n<\/style>\n\t<\/div>\n\t\n\n\t\t<\/div>\n\t\t\t\t\t<\/div>\n\n\t\n\n\t<div id=\"col-1515006965\" class=\"col medium-3 small-12 large-3\"  >\n\t\t\t\t<div class=\"col-inner\"  >\n\t\t\t\n\t\t\t\n\n\t<div class=\"box has-hover   has-hover box-text-bottom\" >\n\n\t\t<div class=\"box-image\" >\n\t\t\t<a href=\"https:\/\/perrobufo.com\/inicio\/janis\/\"  >\t\t\t<div class=\"image-zoom\" >\n\t\t\t\t<img loading=\"lazy\" decoding=\"async\" width=\"348\" height=\"348\" src=\"https:\/\/perrobufo.com\/inicio\/wp-content\/uploads\/2022\/11\/foto9.jpg\" class=\"attachment-original size-original\" alt=\"\" srcset=\"https:\/\/perrobufo.com\/inicio\/wp-content\/uploads\/2022\/11\/foto9.jpg 348w, https:\/\/perrobufo.com\/inicio\/wp-content\/uploads\/2022\/11\/foto9-300x300.jpg 300w, https:\/\/perrobufo.com\/inicio\/wp-content\/uploads\/2022\/11\/foto9-150x150.jpg 150w\" sizes=\"auto, (max-width: 348px) 100vw, 348px\" \/>\t\t\t\t\t\t\t\t\t\t\t<\/div>\n\t\t\t<\/a>\t\t<\/div>\n\n\t\t<div class=\"box-text text-center\" style=\"background-color:rgb(233, 222, 204);\">\n\t\t\t<div class=\"box-text-inner\">\n\t\t\t\t\n\n\t<div id=\"text-3802976106\" class=\"text\">\n\t\t\n\n<h2>JANIS<\/h2>\n<h2><\/BR><\/h2>\n\t\t\n<style>\n#text-3802976106 {\n  font-size: 1rem;\n  text-align: center;\n  color: #1a40ab;\n}\n#text-3802976106 > * {\n  color: #1a40ab;\n}\n<\/style>\n\t<\/div>\n\t\n\n\t\t\t<\/div>\n\t\t<\/div>\n\t<\/div>\n\t\n\t<div id=\"gap-955392307\" class=\"gap-element clearfix\" style=\"display:block; height:auto;\">\n\t\t\n<style>\n#gap-955392307 {\n  padding-top: 8px;\n}\n<\/style>\n\t<\/div>\n\t\n\n\n\t\t<\/div>\n\t\t\t\t\t<\/div>\n\n\t\n\n\t<div id=\"col-591592344\" class=\"col medium-3 small-12 large-3\"  >\n\t\t\t\t<div class=\"col-inner\"  >\n\t\t\t\n\t\t\t\n\n\t<div class=\"box has-hover   has-hover box-text-bottom\" >\n\n\t\t<div class=\"box-image\" >\n\t\t\t<a href=\"https:\/\/perrobufo.com\/inicio\/rompecabeza\/\"  >\t\t\t<div class=\"image-zoom\" >\n\t\t\t\t<img loading=\"lazy\" decoding=\"async\" width=\"348\" height=\"348\" src=\"https:\/\/perrobufo.com\/inicio\/wp-content\/uploads\/2022\/11\/foto11.jpg\" class=\"attachment-original size-original\" alt=\"\" srcset=\"https:\/\/perrobufo.com\/inicio\/wp-content\/uploads\/2022\/11\/foto11.jpg 348w, https:\/\/perrobufo.com\/inicio\/wp-content\/uploads\/2022\/11\/foto11-300x300.jpg 300w, https:\/\/perrobufo.com\/inicio\/wp-content\/uploads\/2022\/11\/foto11-150x150.jpg 150w\" sizes=\"auto, (max-width: 348px) 100vw, 348px\" \/>\t\t\t\t\t\t\t\t\t\t\t<\/div>\n\t\t\t<\/a>\t\t<\/div>\n\n\t\t<div class=\"box-text text-center\" style=\"background-color:rgb(233, 222, 204);\">\n\t\t\t<div class=\"box-text-inner\">\n\t\t\t\t\n\n\t<div id=\"text-45499860\" class=\"text\">\n\t\t\n\n<h2>ROMPE<br \/>CABEZA<\/h2>\n\t\t\n<style>\n#text-45499860 {\n  font-size: 1rem;\n  text-align: center;\n  color: #1a40ab;\n}\n#text-45499860 > * {\n  color: #1a40ab;\n}\n<\/style>\n\t<\/div>\n\t\n\n\t\t\t<\/div>\n\t\t<\/div>\n\t<\/div>\n\t\n\t<div id=\"gap-2095638943\" class=\"gap-element clearfix\" style=\"display:block; height:auto;\">\n\t\t\n<style>\n#gap-2095638943 {\n  padding-top: 8px;\n}\n<\/style>\n\t<\/div>\n\t\n\n\n\t\t<\/div>\n\t\t\t\t\t<\/div>\n\n\t\n\n\t<div id=\"col-582299664\" class=\"col medium-3 small-12 large-3\"  >\n\t\t\t\t<div class=\"col-inner\"  >\n\t\t\t\n\t\t\t\n\n\t<div class=\"box has-hover   has-hover box-text-bottom\" >\n\n\t\t<div class=\"box-image\" >\n\t\t\t<a href=\"https:\/\/perrobufo.com\/inicio\/cuentos-para-el-alma\/\"  >\t\t\t<div class=\"image-zoom\" >\n\t\t\t\t<img loading=\"lazy\" decoding=\"async\" width=\"348\" height=\"348\" src=\"https:\/\/perrobufo.com\/inicio\/wp-content\/uploads\/2022\/11\/cuadrados_0002_cuentos-para-el-Alma.jpg\" class=\"attachment-original size-original\" alt=\"\" srcset=\"https:\/\/perrobufo.com\/inicio\/wp-content\/uploads\/2022\/11\/cuadrados_0002_cuentos-para-el-Alma.jpg 348w, https:\/\/perrobufo.com\/inicio\/wp-content\/uploads\/2022\/11\/cuadrados_0002_cuentos-para-el-Alma-300x300.jpg 300w, https:\/\/perrobufo.com\/inicio\/wp-content\/uploads\/2022\/11\/cuadrados_0002_cuentos-para-el-Alma-150x150.jpg 150w\" sizes=\"auto, (max-width: 348px) 100vw, 348px\" \/>\t\t\t\t\t\t\t\t\t\t\t<\/div>\n\t\t\t<\/a>\t\t<\/div>\n\n\t\t<div class=\"box-text text-center\" style=\"background-color:rgb(233, 222, 204);\">\n\t\t\t<div class=\"box-text-inner\">\n\t\t\t\t\n\n\t<div id=\"text-92329919\" class=\"text\">\n\t\t\n\n<h2>CUENTOS PARA<br \/>\nEL ALMA<\/h2>\n\t\t\n<style>\n#text-92329919 {\n  font-size: 1rem;\n  text-align: center;\n  color: #1a40ab;\n}\n#text-92329919 > * {\n  color: #1a40ab;\n}\n<\/style>\n\t<\/div>\n\t\n\n\t\t\t<\/div>\n\t\t<\/div>\n\t<\/div>\n\t\n\t<div id=\"gap-1794230159\" class=\"gap-element clearfix\" style=\"display:block; height:auto;\">\n\t\t\n<style>\n#gap-1794230159 {\n  padding-top: 8px;\n}\n<\/style>\n\t<\/div>\n\t\n\n\n\t\t<\/div>\n\t\t\t\t\t<\/div>\n\n\t\n\n<\/div>\n\t<div id=\"gap-180373349\" class=\"gap-element clearfix\" style=\"display:block; height:auto;\">\n\t\t\n<style>\n#gap-180373349 {\n  padding-top: 62px;\n}\n<\/style>\n\t<\/div>\n\t\n\n\t<section class=\"section\" id=\"section_639557793\">\n\t\t<div class=\"bg section-bg fill bg-fill  bg-loaded\" >\n\n\t\t\t\t<div class=\"video-overlay no-click fill visible\"><\/div>\n\t<video class=\"video-bg fill visible\" preload playsinline autoplay\n\t\tmuted\t\tloop>\n\t\t<source src=\"https:\/\/perrobufo.com\/inicio\/wp-content\/uploads\/2022\/11\/estacionperrobufo-video.mp4\" type=\"video\/mp4\">\t<\/video>\n\n\t\t\t<div class=\"section-bg-overlay absolute fill\"><\/div>\n\t\t\t\n\n\t\t<\/div>\n\n\t\t\n\n\t\t<div class=\"section-content relative\">\n\t\t\t\n\n<div class=\"row row-full-width align-middle align-center\"  id=\"row-1580963585\">\n\n\n\t<div id=\"col-1509050569\" class=\"col medium-9 small-12 large-9\"  >\n\t\t\t\t<div class=\"col-inner text-center dark\"  >\n\t\t\t\n\t\t\t\n\n\t<div id=\"text-3612337582\" class=\"text\">\n\t\t\n\n<h2 class=\"uppercase\"><span style=\"font-size: 250%;\"><strong>ESTACI\u00f3N PERRO BUFO<\/strong><\/span><\/h2>\n<p>\u00a0<\/p>\n\t\t\n<style>\n#text-3612337582 {\n  text-align: center;\n}\n<\/style>\n\t<\/div>\n\t\n\t<div id=\"text-3299196249\" class=\"text\">\n\t\t\n\n<p><span style=\"font-size: 110%;\">La Estaci\u00f3n PERROBUFO, es la i<strong>nstalaci\u00f3n de 5 de nuestras obras<\/strong> en teatro de animaci\u00f3n en peque\u00f1o formato, que ocurren de manera simult\u00e1nea o parcelada en un mismo espacio, simulando un <strong>parque interactivo<\/strong>, invitando al espectador a entrar en un \u201cviaje\u201d on\u00edrico, din\u00e1mico e interactivo junto a nosotros al recorrer nuestras obras.<\/span><\/p>\n<p><span style=\"font-size: 105%;\"><strong>Mitos que sanan el alma (teatro lambe) \/ <\/strong><\/span><span style=\"font-size: 105%;\"><strong>El alma de Chile (teatro lambe) \/ <\/strong><\/span><span style=\"font-size: 105%;\"><strong>Amor por t\u00ed (obra) \/ <\/strong><\/span><span style=\"font-size: 105%;\"><strong>Un d\u00eda como hoy (obra) \/ <\/strong><\/span><span style=\"font-size: 105%;\"><strong>RompeCabeza \/ <\/strong><\/span><span style=\"font-size: 105%;\"><strong>Cuentos para el alma (proyecci\u00f3n)<br \/><\/strong><\/span><\/p>\n\t\t\n<style>\n#text-3299196249 {\n  text-align: center;\n}\n<\/style>\n\t<\/div>\n\t\n\t<div id=\"gap-566372906\" class=\"gap-element clearfix\" style=\"display:block; height:auto;\">\n\t\t\n<style>\n#gap-566372906 {\n  padding-top: 28px;\n}\n<\/style>\n\t<\/div>\n\t\n\n<a rel=\"noopener noreferrer\" href=\"https:\/\/youtu.be\/wxA8ZNjc8TE\" target=\"_blank\" class=\"button primary\"  style=\"border-radius:99px;\">\n  <i class=\"icon-youtube\" aria-hidden=\"true\" ><\/i>  <span>Ver en youtube<\/span>\n  <\/a>\n\n\n<a rel=\"noopener noreferrer\" href=\"https:\/\/perrobufo.com\/inicio\/wp-content\/uploads\/2022\/12\/Dossier-_Trayectoria_.pdf\" target=\"_blank\" class=\"button primary\"  style=\"border-radius:99px;\">\n    <span>dossier trayectoria<\/span>\n  <\/a>\n\n\n<a rel=\"noopener noreferrer\" href=\"https:\/\/perrobufo.com\/inicio\/wp-content\/uploads\/2022\/11\/prensa-estacion-perrobufo.pdf\" target=\"_blank\" class=\"button primary\"  style=\"border-radius:99px;\">\n    <span>prensa<\/span>\n  <\/a>\n\n\n\n\t\t<\/div>\n\t\t\t\t\n<style>\n#col-1509050569 > .col-inner {\n  padding: 30px 30px 30px 30px;\n}\n<\/style>\n\t<\/div>\n\n\t\n\n<\/div>\n\n\t\t<\/div>\n\n\t\t\n<style>\n#section_639557793 {\n  padding-top: 100px;\n  padding-bottom: 100px;\n}\n#section_639557793 .section-bg-overlay {\n  background-color: rgba(0, 0, 0, 0.5);\n}\n#section_639557793 .ux-shape-divider--top svg {\n  height: 150px;\n  --divider-top-width: 100%;\n}\n#section_639557793 .ux-shape-divider--bottom svg {\n  height: 150px;\n  --divider-width: 100%;\n}\n<\/style>\n\t<\/section>\n\t\n\n","protected":false},"excerpt":{"rendered":"","protected":false},"author":1,"featured_media":0,"parent":0,"menu_order":0,"comment_status":"closed","ping_status":"closed","template":"page-blank.php","meta":{"footnotes":""},"class_list":["post-2","page","type-page","status-publish","hentry"],"_links":{"self":[{"href":"https:\/\/perrobufo.com\/inicio\/wp-json\/wp\/v2\/pages\/2","targetHints":{"allow":["GET"]}}],"collection":[{"href":"https:\/\/perrobufo.com\/inicio\/wp-json\/wp\/v2\/pages"}],"about":[{"href":"https:\/\/perrobufo.com\/inicio\/wp-json\/wp\/v2\/types\/page"}],"author":[{"embeddable":true,"href":"https:\/\/perrobufo.com\/inicio\/wp-json\/wp\/v2\/users\/1"}],"replies":[{"embeddable":true,"href":"https:\/\/perrobufo.com\/inicio\/wp-json\/wp\/v2\/comments?post=2"}],"version-history":[{"count":196,"href":"https:\/\/perrobufo.com\/inicio\/wp-json\/wp\/v2\/pages\/2\/revisions"}],"predecessor-version":[{"id":1230,"href":"https:\/\/perrobufo.com\/inicio\/wp-json\/wp\/v2\/pages\/2\/revisions\/1230"}],"wp:attachment":[{"href":"https:\/\/perrobufo.com\/inicio\/wp-json\/wp\/v2\/media?parent=2"}],"curies":[{"name":"wp","href":"https:\/\/api.w.org\/{rel}","templated":true}]}}